{"id":107,"date":"2015-02-05T11:00:33","date_gmt":"2015-02-05T10:00:33","guid":{"rendered":"https:\/\/villavauban.lu\/?page_id=107"},"modified":"2022-03-14T11:00:41","modified_gmt":"2022-03-14T10:00:41","slug":"allgemeine-informationen","status":"publish","type":"page","link":"https:\/\/villavauban.lu\/de\/das-museum\/allgemeine-informationen\/","title":{"rendered":"Allgemeine Informationen"},"content":{"rendered":"<p>Bitte beachten Sie, dass das Museum an folgenden Tagen immer geschlossen ist: 1. November, 25. Dezember, 1. Januar.<\/p>\n<h3>Eintrittspreise<\/h3>\n<p><strong>Eintritt<br \/>\n<\/strong>Erwachsene 5 \u20ac<\/p>\n<p><strong>Erm\u00e4ssigter Eintritt<\/strong><\/p>\n<ul>\n<li>Freier Eintritt jeden Freitag von 18-21 Uhr<\/li>\n<li>Jugendliche unter 21 Jahren: freier Eintritt<\/li>\n<li>Studenten unter 26 (mit Studentenausweis): freier Eintritt<\/li>\n<li>Junge\u00a0Menschen von\u00a021 bis 26 Jahre (ohne Studentenausweis), Besitzer der Carte jeunes,\u00a0Personen \u00fcber 60 Jahren, Menschen mit Behinderung: freier Eintritt<\/li>\n<li>mus\u00e9eskaart, LuxembourgCard, Amis des Mus\u00e9es Luxembourg,\u00a0ICOM, Kulturpass, Presse: freier Eintritt<\/li>\n<\/ul>\n<p><strong>Gruppenf\u00fchrungen<\/strong><\/p>\n<ul>\n<li>Gruppe ab 10 Personen: 3 \u20ac pro Person, F\u00fchrung: 100 \u20ac<\/li>\n<\/ul>\n<p><strong>Gruppenf\u00fchrungen f\u00fcr Menschen mit spezifischen Bed\u00fcrfnissen<\/strong><\/p>\n<ul>\n<li>Freier Eintritt, F\u00fchrung: 100 \u20ac<\/li>\n<\/ul>\n<p><strong>Schulen<\/strong><\/p>\n<ul>\n<li>Prim\u00e4rschulen der Stadt Luxemburg: freier Eintritt, F\u00fchrung: gratis<\/li>\n<li>Prim\u00e4rschulen anderer Gemeinden oder aus dem Ausland: freier Eintritt, F\u00fchrung: 90 \u20ac; Workshop mit F\u00fchrung: 100 \u20ac<\/li>\n<li>Sekundarschulen aus Luxemburg oder aus dem Ausland: freier Eintritt, F\u00fchrung: 90 \u20ac;\u00a0Workshop mit F\u00fchrung: 100 \u20ac<\/li>\n<\/ul>\n<p><strong><a href=\"http:\/\/www.statermuseeen.lu\">Jahreskarte &#8220;d&#8217;stater mus\u00e9e\u00ebn&#8221;<\/a><\/strong><\/p>\n<p><strong>Vorteile<\/strong><br \/>\nW\u00e4hrend eines Jahres\u00a0freier Eintritt\u00a0zu den Dauer- und\u00a0Wechselausstellungen<\/p>\n<p><strong>Und au\u00dferdem \u2026<\/strong><\/p>\n<ul>\n<li>Einladung zu Vernissagen, Vortr\u00e4gen und Sonderf\u00fchrungen<\/li>\n<li>Erm\u00e4\u00dfigung beim Kauf verschiedener Ausstellungskataloge<\/li>\n<\/ul>\n<p><a href=\"http:\/\/www.museeskaart.lu\/museeskaart\/index-de.html\">Mus\u00e9eskaart<\/a><\/p>\n<p>&nbsp;<\/p>\n<table style=\"height: 93px;\" border=\"0\" width=\"14\" cellspacing=\"0\" cellpadding=\"5\">\n<tbody>\n<tr>\n<td><strong>\u00a0<\/strong><\/td>\n<\/tr>\n<tr>\n<td><\/td>\n<\/tr>\n<tr>\n<td><\/td>\n<\/tr>\n<tr>\n<td><\/td>\n<\/tr>\n<\/tbody>\n<\/table>\n","protected":false},"excerpt":{"rendered":"<p>Bitte beachten Sie, dass das Museum an folgenden Tagen immer geschlossen ist: 1. November, 25. Dezember, 1. Januar. Eintrittspreise Eintritt Erwachsene 5 \u20ac Erm\u00e4ssigter Eintritt Freier Eintritt jeden Freitag von 18-21 Uhr Jugendliche unter 21 Jahren: freier Eintritt Studenten unter 26 (mit Studentenausweis): freier Eintritt Junge\u00a0Menschen von\u00a021 bis 26 Jahre (ohne Studentenausweis), Besitzer der Carte [&hellip;]<\/p>\n","protected":false},"author":1,"featured_media":1443,"parent":304,"menu_order":2,"comment_status":"open","ping_status":"open","template":"page-templates\/informations-page.php","meta":{"_acf_changed":false,"footnotes":""},"event-type":[],"public-type":[],"page-group":[177,184],"class_list":["post-107","page","type-page","status-publish","has-post-thumbnail","hentry","page-group-museum","page-group-musee-de"],"acf":[],"aioseo_notices":[],"_links":{"self":[{"href":"https:\/\/villavauban.lu\/de\/wp-json\/wp\/v2\/pages\/107","targetHints":{"allow":["GET"]}}],"collection":[{"href":"https:\/\/villavauban.lu\/de\/wp-json\/wp\/v2\/pages"}],"about":[{"href":"https:\/\/villavauban.lu\/de\/wp-json\/wp\/v2\/types\/page"}],"author":[{"embeddable":true,"href":"https:\/\/villavauban.lu\/de\/wp-json\/wp\/v2\/users\/1"}],"replies":[{"embeddable":true,"href":"https:\/\/villavauban.lu\/de\/wp-json\/wp\/v2\/comments?post=107"}],"version-history":[{"count":18,"href":"https:\/\/villavauban.lu\/de\/wp-json\/wp\/v2\/pages\/107\/revisions"}],"predecessor-version":[{"id":19755,"href":"https:\/\/villavauban.lu\/de\/wp-json\/wp\/v2\/pages\/107\/revisions\/19755"}],"up":[{"embeddable":true,"href":"https:\/\/villavauban.lu\/de\/wp-json\/wp\/v2\/pages\/304"}],"wp:featuredmedia":[{"embeddable":true,"href":"https:\/\/villavauban.lu\/de\/wp-json\/wp\/v2\/media\/1443"}],"wp:attachment":[{"href":"https:\/\/villavauban.lu\/de\/wp-json\/wp\/v2\/media?parent=107"}],"wp:term":[{"taxonomy":"event-type","embeddable":true,"href":"https:\/\/villavauban.lu\/de\/wp-json\/wp\/v2\/event-type?post=107"},{"taxonomy":"public-type","embeddable":true,"href":"https:\/\/villavauban.lu\/de\/wp-json\/wp\/v2\/public-type?post=107"},{"taxonomy":"page-group","embeddable":true,"href":"https:\/\/villavauban.lu\/de\/wp-json\/wp\/v2\/page-group?post=107"}],"curies":[{"name":"wp","href":"https:\/\/api.w.org\/{rel}","templated":true}]}}