{"id":1094,"date":"2015-03-12T15:33:54","date_gmt":"2015-03-12T14:33:54","guid":{"rendered":"https:\/\/villavauban.lu\/das-museum\/lieu-et-batiment\/"},"modified":"2015-07-27T14:45:56","modified_gmt":"2015-07-27T12:45:56","slug":"lieu-et-batiment","status":"publish","type":"page","link":"https:\/\/villavauban.lu\/de\/das-museum\/lieu-et-batiment\/","title":{"rendered":"Ort und Geb\u00e4ude"},"content":{"rendered":"<p><strong>B\u00fcrgerliche Villenarchitektur, in einer Interpretation des 21. Jahrhunderts<br \/>\n<\/strong>Die Architektur des\u00a0Museums spiegelt den historischen Charakter seiner Gem\u00e4ldesammlungen, die im 18. und 19. Jahrhundert von Privatleuten zusammengestellt wurden. Die repr\u00e4sentative Stadtvilla von 1873 ist renoviert und um einen Neubau der Architekten Philippe Schmit und Diane Heirend vom Luxemburger B\u00fcro Diane Heirend &amp; Philippe Schmit architectes erweitert worden, der in einen spannenden Dialog mit der vorgefundenen Bausubstanz tritt.<\/p>\n<p><strong>Auf soliden Mauern&#8230;<\/strong><br \/>\nDie Villa Vauban hat ihren Namen von einem Fort der ehemaligen Luxemburger Festung, welches von S\u00e9bastien Le Prestre Vauban (1633-1707), dem Festungsbaumeister Ludwigs XIV. errichtet und beim Bau des Wohnhauses als Fundament integriert wurde. Heute ist im Untergeschoss\u00a0 des Museums ein imposantes St\u00fcck der Umfassungsmauer dieses Forts aus dem 18. Jahrhundert zu bewundern.<\/p>\n<p><strong>Entspannung in einem historischen Garten<\/strong><br \/>\nDas Ensemble aus Villa und Neubau befindet sich inmitten eines Parks des franz\u00f6sischen Gartenarchitekten \u00c9douard Andr\u00e9 (1840 &#8211; 1911), einem der f\u00fchrenden Landschaftsplaner seiner Zeit, der in seiner urspr\u00fcnglichen Gestalt\u00a0 rekonstruiert wurde. Die Villa Vauban l\u00e4dt somit dazu ein, Kunst in entspannender Atmosph\u00e4re im Herzen der Stadt Luxemburg zu genie\u00dfen.<\/p>\n<p><strong>Auszeichnungen:<\/strong><\/p>\n<ul>\n<li>TECU\u00ae Architecture Award 2010<\/li>\n<li>Prix Luxembourgeois d&#8217;Architecture 2011, Domaine Architecture (ex aequo)<\/li>\n<\/ul>\n","protected":false},"excerpt":{"rendered":"<p>B\u00fcrgerliche Villenarchitektur, in einer Interpretation des 21. Jahrhunderts Die Architektur des\u00a0Museums spiegelt den historischen Charakter seiner Gem\u00e4ldesammlungen, die im 18. und 19. Jahrhundert von Privatleuten zusammengestellt wurden. Die repr\u00e4sentative Stadtvilla von 1873 ist renoviert und um einen Neubau der Architekten Philippe Schmit und Diane Heirend vom Luxemburger B\u00fcro Diane Heirend &amp; Philippe Schmit architectes erweitert [&hellip;]<\/p>\n","protected":false},"author":3,"featured_media":1464,"parent":304,"menu_order":1,"comment_status":"open","ping_status":"open","template":"page-templates\/generic-page.php","meta":{"_acf_changed":false,"footnotes":""},"event-type":[],"public-type":[],"page-group":[177],"class_list":["post-1094","page","type-page","status-publish","has-post-thumbnail","hentry","page-group-museum"],"acf":[],"aioseo_notices":[],"_links":{"self":[{"href":"https:\/\/villavauban.lu\/de\/wp-json\/wp\/v2\/pages\/1094","targetHints":{"allow":["GET"]}}],"collection":[{"href":"https:\/\/villavauban.lu\/de\/wp-json\/wp\/v2\/pages"}],"about":[{"href":"https:\/\/villavauban.lu\/de\/wp-json\/wp\/v2\/types\/page"}],"author":[{"embeddable":true,"href":"https:\/\/villavauban.lu\/de\/wp-json\/wp\/v2\/users\/3"}],"replies":[{"embeddable":true,"href":"https:\/\/villavauban.lu\/de\/wp-json\/wp\/v2\/comments?post=1094"}],"version-history":[{"count":11,"href":"https:\/\/villavauban.lu\/de\/wp-json\/wp\/v2\/pages\/1094\/revisions"}],"predecessor-version":[{"id":4183,"href":"https:\/\/villavauban.lu\/de\/wp-json\/wp\/v2\/pages\/1094\/revisions\/4183"}],"up":[{"embeddable":true,"href":"https:\/\/villavauban.lu\/de\/wp-json\/wp\/v2\/pages\/304"}],"wp:featuredmedia":[{"embeddable":true,"href":"https:\/\/villavauban.lu\/de\/wp-json\/wp\/v2\/media\/1464"}],"wp:attachment":[{"href":"https:\/\/villavauban.lu\/de\/wp-json\/wp\/v2\/media?parent=1094"}],"wp:term":[{"taxonomy":"event-type","embeddable":true,"href":"https:\/\/villavauban.lu\/de\/wp-json\/wp\/v2\/event-type?post=1094"},{"taxonomy":"public-type","embeddable":true,"href":"https:\/\/villavauban.lu\/de\/wp-json\/wp\/v2\/public-type?post=1094"},{"taxonomy":"page-group","embeddable":true,"href":"https:\/\/villavauban.lu\/de\/wp-json\/wp\/v2\/page-group?post=1094"}],"curies":[{"name":"wp","href":"https:\/\/api.w.org\/{rel}","templated":true}]}}