{"id":1304,"date":"2015-03-19T08:54:02","date_gmt":"2015-03-19T07:54:02","guid":{"rendered":"https:\/\/villavauban.lu\/besuchen\/pour-touristes\/"},"modified":"2015-08-04T15:36:35","modified_gmt":"2015-08-04T13:36:35","slug":"pour-touristes","status":"publish","type":"page","link":"https:\/\/villavauban.lu\/de\/besuchen\/pour-touristes\/","title":{"rendered":"F\u00fcr Touristen"},"content":{"rendered":"<p>Die Villa Vauban begeistert nicht nur durch die Kunstsch\u00e4tze, die sie beherbergt, sondern auch durch die entspannte Atmosph\u00e4re, die den Besuch des Hauses zu einem besonderen Ereignis werden l\u00e4sst.<\/p>\n<p>Auf einer Ausstellungsfl\u00e4che von 1.200 m\u00b2 kann der Besucher bedeutende Werke aus dem eigenen Sammlungsbestand sowie hochkar\u00e4tige Leihgaben aus internationalen Sammlungen<br \/>\nsehen. Die regelm\u00e4\u00dfigen Sonderausstellungen in der Villa Vauban zeigen dabei die Qualit\u00e4t, Vielfalt und Wechselbeziehungen der Kunstgattungen \u2013 Gem\u00e4lde, Graphik, Skulptur \u2013 und<br \/>\nbefassen sich thematisch mit Schwerpunkten der st\u00e4dtischen Sammlungen. Abwechslungsreiche Ausstellungsformate erlauben es dem Besucher, die Kunstwerke aus verschiedenen<br \/>\nBlickwinkeln zu entdecken.<\/p>\n<p>Der Rundgang f\u00fchrt durch gro\u00dfz\u00fcgige und lichte R\u00e4ume. Die Infrastruktur des Hauses ist an alle Altersgruppen angepasst.<\/p>\n<p><strong>F\u00fchrungen<br \/>\n<\/strong>Auf Anfrage bietet die Villa Vauban Ausstellungsf\u00fchrungen nach Ihren pers\u00f6nlichen W\u00fcnschen (Themen, Sprache, Dauer) an.<\/p>\n<p><strong>Reisebusse<\/strong><br \/>\nDirekt vor der Villa Vauban besteht eine Haltem\u00f6glichkeit f\u00fcr Reisebusse. Ein Busparkplatz befindet sich in der N\u00e4he (Glacis).<\/p>\n<p>In unserem\u00a0<a href=\"https:\/\/villavauban.lu\/de\/besuchen\/agenda\">Veranstaltungskalender<\/a>\u00a0erfahren Sie mehr\u00a0\u00fcber\u00a0unsere sonstigen Aktivit\u00e4ten.<\/p>\n<p>&nbsp;<\/p>\n<p>&nbsp;<\/p>\n","protected":false},"excerpt":{"rendered":"<p>Die Villa Vauban begeistert nicht nur durch die Kunstsch\u00e4tze, die sie beherbergt, sondern auch durch die entspannte Atmosph\u00e4re, die den Besuch des Hauses zu einem besonderen Ereignis werden l\u00e4sst. Auf einer Ausstellungsfl\u00e4che von 1.200 m\u00b2 kann der Besucher bedeutende Werke aus dem eigenen Sammlungsbestand sowie hochkar\u00e4tige Leihgaben aus internationalen Sammlungen sehen. Die regelm\u00e4\u00dfigen Sonderausstellungen in [&hellip;]<\/p>\n","protected":false},"author":3,"featured_media":2682,"parent":58,"menu_order":2,"comment_status":"open","ping_status":"open","template":"page-templates\/generic-page.php","meta":{"_acf_changed":false,"footnotes":""},"event-type":[],"public-type":[],"page-group":[178],"class_list":["post-1304","page","type-page","status-publish","has-post-thumbnail","hentry","page-group-besuchen"],"acf":[],"aioseo_notices":[],"_links":{"self":[{"href":"https:\/\/villavauban.lu\/de\/wp-json\/wp\/v2\/pages\/1304","targetHints":{"allow":["GET"]}}],"collection":[{"href":"https:\/\/villavauban.lu\/de\/wp-json\/wp\/v2\/pages"}],"about":[{"href":"https:\/\/villavauban.lu\/de\/wp-json\/wp\/v2\/types\/page"}],"author":[{"embeddable":true,"href":"https:\/\/villavauban.lu\/de\/wp-json\/wp\/v2\/users\/3"}],"replies":[{"embeddable":true,"href":"https:\/\/villavauban.lu\/de\/wp-json\/wp\/v2\/comments?post=1304"}],"version-history":[{"count":8,"href":"https:\/\/villavauban.lu\/de\/wp-json\/wp\/v2\/pages\/1304\/revisions"}],"predecessor-version":[{"id":4527,"href":"https:\/\/villavauban.lu\/de\/wp-json\/wp\/v2\/pages\/1304\/revisions\/4527"}],"up":[{"embeddable":true,"href":"https:\/\/villavauban.lu\/de\/wp-json\/wp\/v2\/pages\/58"}],"wp:featuredmedia":[{"embeddable":true,"href":"https:\/\/villavauban.lu\/de\/wp-json\/wp\/v2\/media\/2682"}],"wp:attachment":[{"href":"https:\/\/villavauban.lu\/de\/wp-json\/wp\/v2\/media?parent=1304"}],"wp:term":[{"taxonomy":"event-type","embeddable":true,"href":"https:\/\/villavauban.lu\/de\/wp-json\/wp\/v2\/event-type?post=1304"},{"taxonomy":"public-type","embeddable":true,"href":"https:\/\/villavauban.lu\/de\/wp-json\/wp\/v2\/public-type?post=1304"},{"taxonomy":"page-group","embeddable":true,"href":"https:\/\/villavauban.lu\/de\/wp-json\/wp\/v2\/page-group?post=1304"}],"curies":[{"name":"wp","href":"https:\/\/api.w.org\/{rel}","templated":true}]}}