{"id":1318,"date":"2015-03-19T08:57:43","date_gmt":"2015-03-19T07:57:43","guid":{"rendered":"https:\/\/villavauban.lu\/besuchen\/anniversaire-a-la-villa\/"},"modified":"2025-08-14T11:38:40","modified_gmt":"2025-08-14T09:38:40","slug":"feiere-deinen-geburtstag-in-der-villa-vauban","status":"publish","type":"page","link":"https:\/\/villavauban.lu\/de\/besuchen\/feiere-deinen-geburtstag-in-der-villa-vauban\/","title":{"rendered":"Feiere deinen Geburtstag in der Villa Vauban"},"content":{"rendered":"<p>Du bist zwischen 6 und 11 Jahre alt und w\u00fcnschst dir eine unvergessliche Geburtstagsfeier? Dann verbringe einen ganz besonderen Nachmittag in unseremKunstmuseum. Begib dich gemeinsam mit deinen Freund*innen auf eine Zeitreise und entdecke bedeutende Ereignisse und Gegenst\u00e4nde aus der Vergangenheit bei einer spannenden F\u00fchrung mit anschlie\u00dfendem Workshop \u2013 nur f\u00fcr dich und deine G\u00e4ste. Nat\u00fcrlich wartet zum kr\u00f6nenden Abschluss ein leckerer Geburtstagskuchen auf dich!<\/p>\n<p><strong>Bedingungen<\/strong><\/p>\n<p>>Die Reservierung muss mindestens zwei Monate im Voraus erfolgen.<br \/>\n> Eine Stornierung ist bis zu 8 Tage vor dem Termin m\u00f6glich.<br \/>\n> Es muss mindestens eine erwachsene Begleitperson anwesend sein (max. 2 Begleitpersonen).<br \/>\n> Bitte bringen Sie keine weiteren Erwachsenen, Essen, Getr\u00e4nke oder Alkohol mit!<\/p>\n<p><strong>Preis<\/strong>: 100 \u20ac \/ 190 \u20ac mit Kuchen und Getr\u00e4nken<br \/>\n<strong>Informationen und Reservierung<\/strong><br \/>\n+352 4796 4900<br \/>\nvisites@2musees.vdl.lu<\/p>\n","protected":false},"excerpt":{"rendered":"<p>Du bist zwischen 6 und 11 Jahre alt und w\u00fcnschst dir eine unvergessliche Geburtstagsfeier? Dann verbringe einen ganz besonderen Nachmittag in unseremKunstmuseum. Begib dich gemeinsam mit deinen Freund*innen auf eine Zeitreise und entdecke bedeutende Ereignisse und Gegenst\u00e4nde aus der Vergangenheit bei einer spannenden F\u00fchrung mit anschlie\u00dfendem Workshop \u2013 nur f\u00fcr dich und deine G\u00e4ste. Nat\u00fcrlich [&hellip;]<\/p>\n","protected":false},"author":3,"featured_media":33281,"parent":58,"menu_order":5,"comment_status":"open","ping_status":"open","template":"page-templates\/generic-page.php","meta":{"_acf_changed":false,"footnotes":""},"event-type":[],"public-type":[],"page-group":[178],"class_list":["post-1318","page","type-page","status-publish","has-post-thumbnail","hentry","page-group-besuchen"],"acf":[],"aioseo_notices":[],"_links":{"self":[{"href":"https:\/\/villavauban.lu\/de\/wp-json\/wp\/v2\/pages\/1318","targetHints":{"allow":["GET"]}}],"collection":[{"href":"https:\/\/villavauban.lu\/de\/wp-json\/wp\/v2\/pages"}],"about":[{"href":"https:\/\/villavauban.lu\/de\/wp-json\/wp\/v2\/types\/page"}],"author":[{"embeddable":true,"href":"https:\/\/villavauban.lu\/de\/wp-json\/wp\/v2\/users\/3"}],"replies":[{"embeddable":true,"href":"https:\/\/villavauban.lu\/de\/wp-json\/wp\/v2\/comments?post=1318"}],"version-history":[{"count":25,"href":"https:\/\/villavauban.lu\/de\/wp-json\/wp\/v2\/pages\/1318\/revisions"}],"predecessor-version":[{"id":33689,"href":"https:\/\/villavauban.lu\/de\/wp-json\/wp\/v2\/pages\/1318\/revisions\/33689"}],"up":[{"embeddable":true,"href":"https:\/\/villavauban.lu\/de\/wp-json\/wp\/v2\/pages\/58"}],"wp:featuredmedia":[{"embeddable":true,"href":"https:\/\/villavauban.lu\/de\/wp-json\/wp\/v2\/media\/33281"}],"wp:attachment":[{"href":"https:\/\/villavauban.lu\/de\/wp-json\/wp\/v2\/media?parent=1318"}],"wp:term":[{"taxonomy":"event-type","embeddable":true,"href":"https:\/\/villavauban.lu\/de\/wp-json\/wp\/v2\/event-type?post=1318"},{"taxonomy":"public-type","embeddable":true,"href":"https:\/\/villavauban.lu\/de\/wp-json\/wp\/v2\/public-type?post=1318"},{"taxonomy":"page-group","embeddable":true,"href":"https:\/\/villavauban.lu\/de\/wp-json\/wp\/v2\/page-group?post=1318"}],"curies":[{"name":"wp","href":"https:\/\/api.w.org\/{rel}","templated":true}]}}