{"id":1343,"date":"2015-03-13T15:00:19","date_gmt":"2015-03-13T14:00:19","guid":{"rendered":"https:\/\/villavauban.lu\/besuchen\/la-collection\/"},"modified":"2016-09-07T10:44:46","modified_gmt":"2016-09-07T08:44:46","slug":"la-collection","status":"publish","type":"page","link":"https:\/\/villavauban.lu\/de\/das-museum\/la-collection\/","title":{"rendered":"Unsere Sammlungen"},"content":{"rendered":"<p><strong>Die Sammlung<\/strong><\/p>\n<p>Die in der Villa Vauban stattfindenden Ausstellungen sch\u00f6pfen aus dem st\u00e4dtischen Sammlungsbestand, dessen Schwerpunkte auf der niederl\u00e4ndischen Malerei des &#8220;Goldenen Zeitalters&#8221; (17. Jh.) und der franz\u00f6sischen\u00a0 Landschafts- und Historienmalerei des 19. Jahrhunderts liegen. Gem\u00e4lde, Skulpturen und Graphik europ\u00e4ischer K\u00fcnstler des 17. bis 19. Jahrhunderts vervollst\u00e4ndigen den Bestand.<\/p>\n<p><strong>Die Geschichte der Sammlung<\/strong><\/p>\n<p>Die Sammlung des Museums geht zur\u00fcck auf drei bedeutende luxemburgische Pers\u00f6nlichkeiten des 19. Jahrhunderts, die ihre Privatsammlungen ihrer Heimatstadt vererbten: Jean-Pierre Pescatore, Leo Lippmann und Eug\u00e9nie Dutreux-Pescatore.<\/p>\n<p>Jean-Pierre Pescatore (1793 &#8211; 1855) erwarb als Tabakh\u00e4ndler und sp\u00e4ter als Bankier in Paris ein gro\u00dfes Verm\u00f6gen, das er, im Geiste seiner Zeit, u.a. zum Aufbau einer repr\u00e4sentativen Kunstsammlung nutzte. So sammelte er, wie zahlreiche andere Gro\u00dfb\u00fcrger, holl\u00e4ndische Gem\u00e4lde des 17. Jahrhunderts, zeitgen\u00f6ssische franz\u00f6sische Historienmalerei sowie Skulpturen und Graphiken.<\/p>\n<p>Leo Lippmann (1808 &#8211; 1883) war Bankier und Luxemburger Generalkonsul in Amsterdam. Als Sammler konzentrierte er sich eher auf die Malerei des 19. Jahrhunderts, wobei auch er der etablierten Historienmalerei den Vorzug gab.<\/p>\n<p>Eug\u00e9nie Dutreux-Pescatore (1810 &#8211; 1902) vermachte 1903 ihre Sammlung der Stadt Luxemburg, die sie selbst von dem Apotheker Jodoc Fr\u00e9d\u00e9ric Hochhertz (\u2020 1786) geerbt hatte. Dessen Interesse hatte nicht nur der Historienmalerei des 18. Jahrhunderts, sondern auch Stillleben und Portr\u00e4ts gegolten. Der Charakter der Sammlung wird ma\u00dfgeblich von diesen Schenkungen bestimmt.<\/p>\n<p>Sie geben einen einzigartigen Einblick in die private Sammlungskultur der b\u00fcrgerlichen Oberschicht des sp\u00e4ten 18. und des 19. Jahrhunderts. Werke von K\u00fcnstlern wie Cornelis Bega, Gerrit Dou oder Jan Steen illustrieren die Malerei des Goldenen Zeitalters der Niederlande (17. Jahrhundert). Die franz\u00f6sische Historien-und Landschaftsmalerei des 19. Jahrhunderts ist vertreten durch Maler wie Eug\u00e8ne Delacroix, Jean-Louis-Ernest Meissonier und Jules Dupr\u00e9.<\/p>\n","protected":false},"excerpt":{"rendered":"<p>Die Sammlung Die in der Villa Vauban stattfindenden Ausstellungen sch\u00f6pfen aus dem st\u00e4dtischen Sammlungsbestand, dessen Schwerpunkte auf der niederl\u00e4ndischen Malerei des &#8220;Goldenen Zeitalters&#8221; (17. Jh.) und der franz\u00f6sischen\u00a0 Landschafts- und Historienmalerei des 19. Jahrhunderts liegen. Gem\u00e4lde, Skulpturen und Graphik europ\u00e4ischer K\u00fcnstler des 17. bis 19. Jahrhunderts vervollst\u00e4ndigen den Bestand. Die Geschichte der Sammlung Die Sammlung [&hellip;]<\/p>\n","protected":false},"author":3,"featured_media":0,"parent":304,"menu_order":0,"comment_status":"open","ping_status":"open","template":"page-templates\/collection-page.php","meta":{"_acf_changed":false,"footnotes":""},"event-type":[],"public-type":[],"page-group":[177,184],"class_list":["post-1343","page","type-page","status-publish","hentry","page-group-museum","page-group-musee-de"],"acf":[],"aioseo_notices":[],"_links":{"self":[{"href":"https:\/\/villavauban.lu\/de\/wp-json\/wp\/v2\/pages\/1343","targetHints":{"allow":["GET"]}}],"collection":[{"href":"https:\/\/villavauban.lu\/de\/wp-json\/wp\/v2\/pages"}],"about":[{"href":"https:\/\/villavauban.lu\/de\/wp-json\/wp\/v2\/types\/page"}],"author":[{"embeddable":true,"href":"https:\/\/villavauban.lu\/de\/wp-json\/wp\/v2\/users\/3"}],"replies":[{"embeddable":true,"href":"https:\/\/villavauban.lu\/de\/wp-json\/wp\/v2\/comments?post=1343"}],"version-history":[{"count":3,"href":"https:\/\/villavauban.lu\/de\/wp-json\/wp\/v2\/pages\/1343\/revisions"}],"predecessor-version":[{"id":5482,"href":"https:\/\/villavauban.lu\/de\/wp-json\/wp\/v2\/pages\/1343\/revisions\/5482"}],"up":[{"embeddable":true,"href":"https:\/\/villavauban.lu\/de\/wp-json\/wp\/v2\/pages\/304"}],"wp:attachment":[{"href":"https:\/\/villavauban.lu\/de\/wp-json\/wp\/v2\/media?parent=1343"}],"wp:term":[{"taxonomy":"event-type","embeddable":true,"href":"https:\/\/villavauban.lu\/de\/wp-json\/wp\/v2\/event-type?post=1343"},{"taxonomy":"public-type","embeddable":true,"href":"https:\/\/villavauban.lu\/de\/wp-json\/wp\/v2\/public-type?post=1343"},{"taxonomy":"page-group","embeddable":true,"href":"https:\/\/villavauban.lu\/de\/wp-json\/wp\/v2\/page-group?post=1343"}],"curies":[{"name":"wp","href":"https:\/\/api.w.org\/{rel}","templated":true}]}}