{"id":14359,"date":"2020-08-04T15:05:14","date_gmt":"2020-08-04T13:05:14","guid":{"rendered":"https:\/\/villavauban.lu\/?page_id=14359"},"modified":"2020-08-10T11:35:23","modified_gmt":"2020-08-10T09:35:23","slug":"edouard-die-detektive","status":"publish","type":"page","link":"https:\/\/villavauban.lu\/de\/besuchen\/edouard-die-detektive\/","title":{"rendered":"\u00c9douard &#038; die Detektive"},"content":{"rendered":"<p>P\u00e4dagogisches Heft mit kleinen R\u00e4tseln zu verschiedenen Gegenst\u00e4nden der Ausstellung <span style=\"display: inline !important; float: none; background-color: #fcfcfa; color: #000000; font-family: 'noway','Helvetica Neue',sans-serif; font-size: 0.95rem; font-size-adjust: none; font-stretch: normal; font-style: normal; font-variant: normal; font-weight: 400; letter-spacing: normal; line-height: 1.4rem; orphans: 2; text-align: left; text-decoration: none; text-indent: 0px; text-transform: none; -webkit-text-stroke-width: 0px; white-space: normal; word-spacing: 0px;\">\u201e<\/span>Variations&#8221; f\u00fcr die ganze Familie.<\/p>\n<p>Erh\u00e4ltlich auf franz\u00f6sisch, deutsch oder englisch. Fragen Sie nach dem Heft am Empfang der Villa Vauban.<\/p>\n<p>&nbsp;<\/p>\n","protected":false},"excerpt":{"rendered":"<p>P\u00e4dagogisches Heft mit kleinen R\u00e4tseln zu verschiedenen Gegenst\u00e4nden der Ausstellung \u201eVariations&#8221; f\u00fcr die ganze Familie. Erh\u00e4ltlich auf franz\u00f6sisch, deutsch oder englisch. Fragen Sie nach dem Heft am Empfang der Villa Vauban. &nbsp;<\/p>\n","protected":false},"author":13,"featured_media":14448,"parent":58,"menu_order":0,"comment_status":"closed","ping_status":"closed","template":"page-templates\/generic-page.php","meta":{"_acf_changed":false,"footnotes":""},"event-type":[],"public-type":[],"page-group":[],"class_list":["post-14359","page","type-page","status-publish","has-post-thumbnail","hentry"],"acf":[],"aioseo_notices":[],"_links":{"self":[{"href":"https:\/\/villavauban.lu\/de\/wp-json\/wp\/v2\/pages\/14359","targetHints":{"allow":["GET"]}}],"collection":[{"href":"https:\/\/villavauban.lu\/de\/wp-json\/wp\/v2\/pages"}],"about":[{"href":"https:\/\/villavauban.lu\/de\/wp-json\/wp\/v2\/types\/page"}],"author":[{"embeddable":true,"href":"https:\/\/villavauban.lu\/de\/wp-json\/wp\/v2\/users\/13"}],"replies":[{"embeddable":true,"href":"https:\/\/villavauban.lu\/de\/wp-json\/wp\/v2\/comments?post=14359"}],"version-history":[{"count":6,"href":"https:\/\/villavauban.lu\/de\/wp-json\/wp\/v2\/pages\/14359\/revisions"}],"predecessor-version":[{"id":14383,"href":"https:\/\/villavauban.lu\/de\/wp-json\/wp\/v2\/pages\/14359\/revisions\/14383"}],"up":[{"embeddable":true,"href":"https:\/\/villavauban.lu\/de\/wp-json\/wp\/v2\/pages\/58"}],"wp:featuredmedia":[{"embeddable":true,"href":"https:\/\/villavauban.lu\/de\/wp-json\/wp\/v2\/media\/14448"}],"wp:attachment":[{"href":"https:\/\/villavauban.lu\/de\/wp-json\/wp\/v2\/media?parent=14359"}],"wp:term":[{"taxonomy":"event-type","embeddable":true,"href":"https:\/\/villavauban.lu\/de\/wp-json\/wp\/v2\/event-type?post=14359"},{"taxonomy":"public-type","embeddable":true,"href":"https:\/\/villavauban.lu\/de\/wp-json\/wp\/v2\/public-type?post=14359"},{"taxonomy":"page-group","embeddable":true,"href":"https:\/\/villavauban.lu\/de\/wp-json\/wp\/v2\/page-group?post=14359"}],"curies":[{"name":"wp","href":"https:\/\/api.w.org\/{rel}","templated":true}]}}