{"id":15353,"date":"2020-12-02T13:44:56","date_gmt":"2020-12-02T12:44:56","guid":{"rendered":"https:\/\/villavauban.lu\/besuchen\/villa-noel\/mysteres-au-musee\/"},"modified":"2021-01-11T16:39:35","modified_gmt":"2021-01-11T15:39:35","slug":"mysteres-au-musee","status":"publish","type":"page","link":"https:\/\/villavauban.lu\/de\/mysteres-au-musee\/","title":{"rendered":"Nachtzauber in den Museen (online)"},"content":{"rendered":"<p><span style=\"display: inline !important; float: none; background-color: #ffffff; color: #333333; cursor: text; font-family: Georgia,'Times New Roman','Bitstream Charter',Times,serif; font-size: 16px; font-style: normal; font-variant: normal; font-weight: 400; letter-spacing: normal; orphans: 2; text-align: left; text-decoration: none; text-indent: 0px; text-transform: none; -webkit-text-stroke-width: 0px; white-space: normal; word-spacing: 0px;\">Nehmen Sie an der Lesung des wunderbaren Kinderbuchs &#8220;Nachtzauber in den Museen&#8221; teil, das von <\/span><em>Amis des Mus\u00e9es<\/em><span style=\"display: inline !important; float: none; background-color: #ffffff; color: #333333; cursor: text; font-family: Georgia,'Times New Roman','Bitstream Charter',Times,serif; font-size: 16px; font-style: normal; font-variant: normal; font-weight: 400; letter-spacing: normal; orphans: 2; text-align: left; text-decoration: none; text-indent: 0px; text-transform: none; -webkit-text-stroke-width: 0px; white-space: normal; word-spacing: 0px;\"> herausgegeben wurde und f\u00e4rben Sie verschiedene Malvorlagen aus, die gratis an der Rezeption des L\u00ebtzebuerg City Museums ausgeh\u00e4ndigt werden.<\/span><br \/>\n<span style=\"display: inline !important; float: none; background-color: #ffffff; color: #333333; cursor: text; font-family: Georgia,'Times New Roman','Bitstream Charter',Times,serif; font-size: 16px; font-style: normal; font-variant: normal; font-weight: 400; letter-spacing: normal; orphans: 2; text-align: left; text-decoration: none; text-indent: 0px; text-transform: none; -webkit-text-stroke-width: 0px; white-space: normal; word-spacing: 0px;\">Das Buch, welches in 2 zweisprachigen Versionen (LU\/DE; FR\/EN) ver\u00f6ffentlicht wurde, ist ebenfalls zum Verkauf erh\u00e4ltlich.<\/span><\/p>\n<p><strong>Auf D<\/strong><\/p>\n<p><iframe loading=\"lazy\" title=\"&quot;Nachtzauber in den Museen&quot; von Marie-Isabelle Callier\" width=\"573\" height=\"322\" src=\"https:\/\/www.youtube.com\/embed\/e2pOrClbE5U?feature=oembed\" frameborder=\"0\" allow=\"accelerometer; autoplay; clipboard-write; encrypted-media; gyroscope; picture-in-picture\" allowfullscreen><\/iframe><\/p>\n<p><strong>Op L<\/strong><\/p>\n<p><iframe loading=\"lazy\" title=\"&quot;Nuechtzauber an de Mus\u00e9e\u00ebn&quot; vum Marie-Isabelle Callier\" width=\"573\" height=\"322\" src=\"https:\/\/www.youtube.com\/embed\/qYTetSSZZzg?feature=oembed\" frameborder=\"0\" allow=\"accelerometer; autoplay; clipboard-write; encrypted-media; gyroscope; picture-in-picture\" allowfullscreen><\/iframe><\/p>\n<p>\u00a9 Les Amis des Mus\u00e9es d\u2019Art et d\u2019Histoire Luxembourg asbl<\/p>\n","protected":false},"excerpt":{"rendered":"<p>Nehmen Sie an der Lesung des wunderbaren Kinderbuchs &#8220;Nachtzauber in den Museen&#8221; teil, das von Amis des Mus\u00e9es herausgegeben wurde und f\u00e4rben Sie verschiedene Malvorlagen aus, die gratis an der Rezeption des L\u00ebtzebuerg City Museums ausgeh\u00e4ndigt werden. Das Buch, welches in 2 zweisprachigen Versionen (LU\/DE; FR\/EN) ver\u00f6ffentlicht wurde, ist ebenfalls zum Verkauf erh\u00e4ltlich. Auf D [&hellip;]<\/p>\n","protected":false},"author":3,"featured_media":15092,"parent":0,"menu_order":0,"comment_status":"closed","ping_status":"closed","template":"page-templates\/listing-page.php","meta":{"_acf_changed":false,"footnotes":""},"event-type":[],"public-type":[],"page-group":[],"class_list":["post-15353","page","type-page","status-publish","has-post-thumbnail","hentry"],"acf":[],"aioseo_notices":[],"_links":{"self":[{"href":"https:\/\/villavauban.lu\/de\/wp-json\/wp\/v2\/pages\/15353","targetHints":{"allow":["GET"]}}],"collection":[{"href":"https:\/\/villavauban.lu\/de\/wp-json\/wp\/v2\/pages"}],"about":[{"href":"https:\/\/villavauban.lu\/de\/wp-json\/wp\/v2\/types\/page"}],"author":[{"embeddable":true,"href":"https:\/\/villavauban.lu\/de\/wp-json\/wp\/v2\/users\/3"}],"replies":[{"embeddable":true,"href":"https:\/\/villavauban.lu\/de\/wp-json\/wp\/v2\/comments?post=15353"}],"version-history":[{"count":8,"href":"https:\/\/villavauban.lu\/de\/wp-json\/wp\/v2\/pages\/15353\/revisions"}],"predecessor-version":[{"id":16032,"href":"https:\/\/villavauban.lu\/de\/wp-json\/wp\/v2\/pages\/15353\/revisions\/16032"}],"wp:featuredmedia":[{"embeddable":true,"href":"https:\/\/villavauban.lu\/de\/wp-json\/wp\/v2\/media\/15092"}],"wp:attachment":[{"href":"https:\/\/villavauban.lu\/de\/wp-json\/wp\/v2\/media?parent=15353"}],"wp:term":[{"taxonomy":"event-type","embeddable":true,"href":"https:\/\/villavauban.lu\/de\/wp-json\/wp\/v2\/event-type?post=15353"},{"taxonomy":"public-type","embeddable":true,"href":"https:\/\/villavauban.lu\/de\/wp-json\/wp\/v2\/public-type?post=15353"},{"taxonomy":"page-group","embeddable":true,"href":"https:\/\/villavauban.lu\/de\/wp-json\/wp\/v2\/page-group?post=15353"}],"curies":[{"name":"wp","href":"https:\/\/api.w.org\/{rel}","templated":true}]}}