{"id":16597,"date":"2021-05-11T10:50:12","date_gmt":"2021-05-11T08:50:12","guid":{"rendered":"https:\/\/villavauban.lu\/?page_id=16597"},"modified":"2021-05-11T11:14:16","modified_gmt":"2021-05-11T09:14:16","slug":"rendez-vous-aux-jardins","status":"publish","type":"page","link":"https:\/\/villavauban.lu\/de\/rendez-vous-aux-jardins\/","title":{"rendered":"Rendez-vous aux Jardins"},"content":{"rendered":"<p>Vom 4. bis 6. Juni 2021 nimmt Luxemburg zum ersten Mal am Rendez-vous aux jardins teil, das 2018 von HEREIN ins Leben gerufen wurde. HEREIN ist ein europ\u00e4ischen Netzwerk f\u00fcr Information und Zusammenarbeit im Bereich des kulturellen Erbes, das europ\u00e4ische \u00f6ffentliche Verwaltungen, die f\u00fcr nationale Politiken und Strategien im Bereich des kulturellen Erbes zust\u00e4ndig sind, zusammenf\u00fchrt. 2.706 G\u00e4rten in 20 europ\u00e4ischen L\u00e4ndern hatten ihre T\u00fcren ge\u00f6ffnet.<\/p>\n<p>Das luxemburgische Kulturministerium l\u00e4dt nun alle \u00f6ffentlichen und privaten Akteure ein, sich an dieser Initiative zu beteiligen, indem sie ihre Parks oder G\u00e4rten an einem der Tage oder vom 4. bis 6. Juni f\u00fcr die \u00d6ffentlichkeit \u00f6ffnen, um das Bewusstsein der Besucher f\u00fcr den Schutz, die Erhaltung, die Pflege, die Restaurierung und die Gestaltung von G\u00e4rten sowie die Weitergabe von Wissen und F\u00e4higkeiten zu sch\u00e4rfen.<\/p>\n<p>&nbsp;<\/p>\n<p>F\u00fcr mehr Informationen klicken Sie auf diesen Link: <a href=\"https:\/\/jardinsluxembourg.lu\/fr\/\">Rendez-vous aux Jardins 2021<\/a><\/p>\n<p>Das gesammte Programm der Villa Vauban finden Sie in unserem <strong><a href=\"https:\/\/villavauban.lu\/de\/besuchen\/agenda-3\/\">Veranstaltungskalender<\/a><\/strong><\/p>\n<p>&nbsp;<\/p>\n","protected":false},"excerpt":{"rendered":"<p>Vom 4. bis 6. Juni 2021 nimmt Luxemburg zum ersten Mal am Rendez-vous aux jardins teil, das 2018 von HEREIN ins Leben gerufen wurde. HEREIN ist ein europ\u00e4ischen Netzwerk f\u00fcr Information und Zusammenarbeit im Bereich des kulturellen Erbes, das europ\u00e4ische \u00f6ffentliche Verwaltungen, die f\u00fcr nationale Politiken und Strategien im Bereich des kulturellen Erbes zust\u00e4ndig sind, [&hellip;]<\/p>\n","protected":false},"author":13,"featured_media":16663,"parent":0,"menu_order":0,"comment_status":"closed","ping_status":"closed","template":"page-templates\/listing-page.php","meta":{"_acf_changed":false,"footnotes":""},"event-type":[],"public-type":[],"page-group":[],"class_list":["post-16597","page","type-page","status-publish","has-post-thumbnail","hentry"],"acf":[],"aioseo_notices":[],"_links":{"self":[{"href":"https:\/\/villavauban.lu\/de\/wp-json\/wp\/v2\/pages\/16597","targetHints":{"allow":["GET"]}}],"collection":[{"href":"https:\/\/villavauban.lu\/de\/wp-json\/wp\/v2\/pages"}],"about":[{"href":"https:\/\/villavauban.lu\/de\/wp-json\/wp\/v2\/types\/page"}],"author":[{"embeddable":true,"href":"https:\/\/villavauban.lu\/de\/wp-json\/wp\/v2\/users\/13"}],"replies":[{"embeddable":true,"href":"https:\/\/villavauban.lu\/de\/wp-json\/wp\/v2\/comments?post=16597"}],"version-history":[{"count":6,"href":"https:\/\/villavauban.lu\/de\/wp-json\/wp\/v2\/pages\/16597\/revisions"}],"predecessor-version":[{"id":16672,"href":"https:\/\/villavauban.lu\/de\/wp-json\/wp\/v2\/pages\/16597\/revisions\/16672"}],"wp:featuredmedia":[{"embeddable":true,"href":"https:\/\/villavauban.lu\/de\/wp-json\/wp\/v2\/media\/16663"}],"wp:attachment":[{"href":"https:\/\/villavauban.lu\/de\/wp-json\/wp\/v2\/media?parent=16597"}],"wp:term":[{"taxonomy":"event-type","embeddable":true,"href":"https:\/\/villavauban.lu\/de\/wp-json\/wp\/v2\/event-type?post=16597"},{"taxonomy":"public-type","embeddable":true,"href":"https:\/\/villavauban.lu\/de\/wp-json\/wp\/v2\/public-type?post=16597"},{"taxonomy":"page-group","embeddable":true,"href":"https:\/\/villavauban.lu\/de\/wp-json\/wp\/v2\/page-group?post=16597"}],"curies":[{"name":"wp","href":"https:\/\/api.w.org\/{rel}","templated":true}]}}