{"id":27319,"date":"2024-01-29T15:49:21","date_gmt":"2024-01-29T14:49:21","guid":{"rendered":"https:\/\/villavauban.lu\/?page_id=27319"},"modified":"2024-01-29T15:58:13","modified_gmt":"2024-01-29T14:58:13","slug":"erklaerung-zur-barrierfreiheit","status":"publish","type":"page","link":"https:\/\/villavauban.lu\/de\/erklaerung-zur-barrierfreiheit\/","title":{"rendered":"Erkl\u00e4rung zur Barrierfreiheit"},"content":{"rendered":"<div lang=\"de\">\n<p>Die die Erkl\u00e4rung abgebende Stelle <span class=\"basic-information organization-name\">&#8220;Villa Vauban \u2013 Mus\u00e9e d\u2019Art de la Ville de Luxembourg&#8221;<\/span> ist bem\u00fcht <strong>ihre Website<\/strong> im Einklang mit <a href=\"http:\/\/legilux.public.lu\/eli\/etat\/leg\/loi\/2019\/05\/28\/a373\/jo\" hreflang=\"fr\">dem Gesetz vom 28. Mai 2019<\/a> \u00fcber den barrierefreien Zugang zu den Websites und mobilen Anwendungen \u00f6ffentlicher Stellen barrierefrei zug\u00e4nglich zu machen. Diese Erkl\u00e4rung zur Barrierefreiheit gilt f\u00fcr: <span class=\"basic-information website-name\"><a href=\"www.villavauban.lu\/\">www.villavauban.lu\/<\/a><\/span><\/p>\n<h3>Was bedeutet digitale Barrierefreiheit?<\/h3>\n<p>Jeder muss die Informationen einer Website oder in einer Anwendung einfach benutzen und abrufen k\u00f6nnen. Dies gilt insbesondere f\u00fcr Personen mit einer Behinderung und\/oder Personen, die Hilfssoftware oder spezielle Ger\u00e4te verwenden (Blinde, Sehbehinderte oder Personen mit einer sonstigen Behinderung).<\/p>\n<h3>Stand der Vereinbarkeit mit den Anforderungen<\/h3>\n<p class=\"basic-information conformance-status partial\">Diese Website ist wegen der folgenden Punkte <strong>teilweise<\/strong> mit der europ\u00e4ischen Norm <a href=\"https:\/\/www.etsi.org\/deliver\/etsi_en\/301500_301599\/301549\/02.01.02_60\/en_301549v020102p.pdf\">EN 301 549<\/a> und <a href=\"https:\/\/accessibilite.public.lu\/fr\/rgaa4.1.2\/\" hreflang=\"fr\">dem Allgemeinen Referenzwerk zur Verbesserung der Barrierefreiheit im Web (RGAA) v4.1.2<\/a>, das diese Norm umsetzt, <strong>vereinbar<\/strong>.<\/p>\n<h3>Nicht barrierefreie Inhalte<\/h3>\n<p>Die nachstehend aufgef\u00fchrten Inhalte sind aus folgenden Gr\u00fcnden nicht barrierefrei:<\/p>\n<h4>Unvereinbarkeit<\/h4>\n<ul>\n<li class=\"technical-information accessibility-limitations non-compliant\">Einige interaktive Elemente wie z. B. der Slider auf der Startseite entsprechen nicht vollst\u00e4ndig den Standards f\u00fcr Barrierefreiheit.<\/li>\n<li class=\"technical-information accessibility-limitations non-compliant\">Einige Seiten enthalten Texte in anderen Sprachen, die nicht durch einen Sprachwechsel \u00fcber das Attribut &#8220;lang&#8221; gekennzeichnet sind.<\/li>\n<\/ul>\n<h4>Unverh\u00e4ltnism\u00e4\u00dfige Belastung<\/h4>\n<p class=\"technical-information accessibility-limitations disproportionate-burden\">Bei einigen Fotos, Illustrationen und Videos fehlen die Alternativtexte.<\/p>\n<h3>Erstellung dieser Erkl\u00e4rung zur Barrierefreiheit<\/h3>\n<p>Diese Erkl\u00e4rung wurde am <span class=\"basic-information statement-created-date\">23. Januar 2024<\/span> erstellt. Die Aussagen in dieser Erkl\u00e4rung sind richtig und beruhen auf einer tats\u00e4chlichen Bewertung der Vereinbarkeit dieser Website mit den Anforderungen des <a href=\"https:\/\/accessibilite.public.lu\/fr\/rgaa4.1.2\/\" hreflang=\"fr\">RGAA 4.1.2<\/a>, beispielsweise in Form einer von \u201eVilla Vauban \u2013 Mus\u00e9e d\u2019Art de la Ville de Luxembourg\u201c durchgef\u00fchrten Selbstbewertung.<\/p>\n<h3>Feedback und Kontaktangaben<\/h3>\n<p class=\"basic-information feedback h-card\">Sollten Sie einen Mangel bez\u00fcglich der Barrierefreiheit feststellen, schicken Sie uns eine E-Mail an <a class=\"email u-email\" href=\"mailto:info@2musees.vdl.lu\">info@2musees.vdl.lu<\/a>, in der Sie Ihr Problem beschreiben und uns die betreffende Seite angeben. Wir verpflichten uns, Ihnen binnen eines Monats per E-Mail zu antworten. Um das Problem nachhaltig und auf angemessene Weise zu beheben, wird die Korrektur des Fehlers bez\u00fcglich der Barrierefreiheit im Online-Modus bevorzugt. Ist dies nicht m\u00f6glich, wird Ihnen die gew\u00fcnschte Information in einem barrierefreien Format \u00fcbermittelt, wahlweise:<\/p>\n<ul>\n<li>schriftlich in einem Dokument oder per E-Mail;<\/li>\n<li>m\u00fcndlich in einem Interview oder per Telefon.<\/li>\n<\/ul>\n<h3>Durchsetzungsverfahren<\/h3>\n<p>Im Falle einer nicht zufriedenstellenden Antwort haben Sie ebenfalls die M\u00f6glichkeit, das <a href=\"https:\/\/sip.gouvernement.lu\/de.html\">Informations- und Presseamt<\/a>, das f\u00fcr die Kontrolle der Barrierefreiheit zust\u00e4ndig ist, \u00fcber dessen <a href=\"https:\/\/sip.gouvernement.lu\/de\/support\/reclamation-accessibilite.html\">Online-Beschwerdeformular<\/a>, oder <a href=\"http:\/\/www.ombudsman.lu\/\" hreflang=\"fr\">die Ombudsperson<\/a>, B\u00fcrgerbeauftragte des Gro\u00dfherzogtums Luxemburg, zu informieren.<\/p>\n<hr>\n<p><small><br \/>\n        Diese Erkl\u00e4rung basiert auf der Mustererkl\u00e4rung, die im <a href=\"https:\/\/eur-lex.europa.eu\/legal-content\/FR\/TXT\/?uri=CELEX%3A32018D1523\" hreflang=\"en\">Durchf\u00fchrungsbeschluss (EU) 2018\/1523<\/a> festgelegt wurde. Diese Mustererkl\u00e4rung geh\u00f6rt der Europ\u00e4ischen Union und ist durch eine <a href=\"https:\/\/creativecommons.org\/licenses\/by\/4.0\/\" lang=\"en\" hreflang=\"en\">Creative Commons Attribution 4.0 International<\/a> Lizenz gesch\u00fctzt.<\/small><\/p>\n<\/div>\n","protected":false},"excerpt":{"rendered":"<p>Die die Erkl\u00e4rung abgebende Stelle &#8220;Villa Vauban \u2013 Mus\u00e9e d\u2019Art de la Ville de Luxembourg&#8221; ist bem\u00fcht ihre Website im Einklang mit dem Gesetz vom 28. Mai 2019 \u00fcber den barrierefreien Zugang zu den Websites und mobilen Anwendungen \u00f6ffentlicher Stellen barrierefrei zug\u00e4nglich zu machen. Diese Erkl\u00e4rung zur Barrierefreiheit gilt f\u00fcr: www.villavauban.lu\/ Was bedeutet digitale Barrierefreiheit? [&hellip;]<\/p>\n","protected":false},"author":11,"featured_media":0,"parent":0,"menu_order":0,"comment_status":"closed","ping_status":"closed","template":"page-templates\/generic-page.php","meta":{"_acf_changed":false,"footnotes":""},"event-type":[],"public-type":[],"page-group":[],"class_list":["post-27319","page","type-page","status-publish","hentry"],"acf":[],"aioseo_notices":[],"_links":{"self":[{"href":"https:\/\/villavauban.lu\/de\/wp-json\/wp\/v2\/pages\/27319","targetHints":{"allow":["GET"]}}],"collection":[{"href":"https:\/\/villavauban.lu\/de\/wp-json\/wp\/v2\/pages"}],"about":[{"href":"https:\/\/villavauban.lu\/de\/wp-json\/wp\/v2\/types\/page"}],"author":[{"embeddable":true,"href":"https:\/\/villavauban.lu\/de\/wp-json\/wp\/v2\/users\/11"}],"replies":[{"embeddable":true,"href":"https:\/\/villavauban.lu\/de\/wp-json\/wp\/v2\/comments?post=27319"}],"version-history":[{"count":1,"href":"https:\/\/villavauban.lu\/de\/wp-json\/wp\/v2\/pages\/27319\/revisions"}],"predecessor-version":[{"id":27331,"href":"https:\/\/villavauban.lu\/de\/wp-json\/wp\/v2\/pages\/27319\/revisions\/27331"}],"wp:attachment":[{"href":"https:\/\/villavauban.lu\/de\/wp-json\/wp\/v2\/media?parent=27319"}],"wp:term":[{"taxonomy":"event-type","embeddable":true,"href":"https:\/\/villavauban.lu\/de\/wp-json\/wp\/v2\/event-type?post=27319"},{"taxonomy":"public-type","embeddable":true,"href":"https:\/\/villavauban.lu\/de\/wp-json\/wp\/v2\/public-type?post=27319"},{"taxonomy":"page-group","embeddable":true,"href":"https:\/\/villavauban.lu\/de\/wp-json\/wp\/v2\/page-group?post=27319"}],"curies":[{"name":"wp","href":"https:\/\/api.w.org\/{rel}","templated":true}]}}