{"id":31576,"date":"2025-03-31T14:56:01","date_gmt":"2025-03-31T12:56:01","guid":{"rendered":"https:\/\/villavauban.lu\/besuchen\/pour-ecoles-et-creches\/"},"modified":"2025-12-16T13:51:07","modified_gmt":"2025-12-16T12:51:07","slug":"pour-ecoles-et-creches","status":"publish","type":"page","link":"https:\/\/villavauban.lu\/de\/besuchen\/pour-ecoles-et-creches\/","title":{"rendered":"F\u00fcr Kinderg\u00e4rten, Primar- und Sekundarschulen"},"content":{"rendered":"<p><strong>Entdecken Sie unsere p\u00e4dagogischen F\u00fchrungen und Workshops!<\/strong><\/p>\n<p>Wir bieten interaktive p\u00e4dagogische Aktivit\u00e4ten an, die f\u00fcr Grundschulen, Sekundarschulen und au\u00dferschulische Einrichtungen geeignet sind, und das alles in mehreren Sprachen.<\/p>\n<p>Unsere Aktivit\u00e4ten sind f\u00fcr verschiedene Altersgruppen konzipiert, passen sich Ihren Bed\u00fcrfnissen an und sind in unsere laufenden Ausstellungen eingebettet. Geschichte, Kunst, Kulturerbe &#8230; so viele spannende Themen, die auf spielerische und bereichernde Weise erkundet werden k\u00f6nnen!<\/p>\n<p>Unsere Mission? Die Neugier der Sch\u00fcler das ganze Jahr \u00fcber mit anregenden und partizipativen Entdeckungen zu wecken.<\/p>\n<p><strong>M\u00f6chten Sie mehr erfahren? Klicken Sie <a href=\"https:\/\/villavauban.lu\/wp-content\/uploads\/2025\/12\/programme-pedagogique-Villa-Vauban-janvier-a-avril-2026.pdf\">hier <\/a>um die PDF-Version des aktuellen Programms anzuzeigen, oder entdecken Sie unten unsere F\u00fchrungen und Workshops auf Anfrage.<\/strong><\/p>\n<p>Unser Team steht Ihnen zur Verf\u00fcgung, um Ihnen bei der Zusammenstellung eines ma\u00dfgeschneiderten Programms zu helfen. Kontaktieren Sie uns und lassen Sie uns gemeinsam ein unvergessliches Erlebnis f\u00fcr Ihre Sch\u00fcler schaffen!<br \/>\nT: +352 4796 4900, visites@2musees.vdl.lu<\/p>\n<p><strong><a href=\"https:\/\/villavauban.lu\/de\/mailchimp-form\/\">Melden Sie sich f\u00fcr unseren p\u00e4dagogischen Newsletter<\/a> an und erhalten Sie alle vier Monate aktuelle Informationen zu den Bildungsangeboten der Villa Vauban.<\/strong><\/p>\n","protected":false},"excerpt":{"rendered":"<p>Entdecken Sie unsere p\u00e4dagogischen F\u00fchrungen und Workshops! Wir bieten interaktive p\u00e4dagogische Aktivit\u00e4ten an, die f\u00fcr Grundschulen, Sekundarschulen und au\u00dferschulische Einrichtungen geeignet sind, und das alles in mehreren Sprachen. Unsere Aktivit\u00e4ten sind f\u00fcr verschiedene Altersgruppen konzipiert, passen sich Ihren Bed\u00fcrfnissen an und sind in unsere laufenden Ausstellungen eingebettet. Geschichte, Kunst, Kulturerbe &#8230; so viele spannende Themen, [&hellip;]<\/p>\n","protected":false},"author":3,"featured_media":31525,"parent":58,"menu_order":0,"comment_status":"closed","ping_status":"closed","template":"page-templates\/listing-page.php","meta":{"_acf_changed":false,"footnotes":""},"event-type":[],"public-type":[],"page-group":[],"class_list":["post-31576","page","type-page","status-publish","has-post-thumbnail","hentry"],"acf":[],"aioseo_notices":[],"_links":{"self":[{"href":"https:\/\/villavauban.lu\/de\/wp-json\/wp\/v2\/pages\/31576","targetHints":{"allow":["GET"]}}],"collection":[{"href":"https:\/\/villavauban.lu\/de\/wp-json\/wp\/v2\/pages"}],"about":[{"href":"https:\/\/villavauban.lu\/de\/wp-json\/wp\/v2\/types\/page"}],"author":[{"embeddable":true,"href":"https:\/\/villavauban.lu\/de\/wp-json\/wp\/v2\/users\/3"}],"replies":[{"embeddable":true,"href":"https:\/\/villavauban.lu\/de\/wp-json\/wp\/v2\/comments?post=31576"}],"version-history":[{"count":16,"href":"https:\/\/villavauban.lu\/de\/wp-json\/wp\/v2\/pages\/31576\/revisions"}],"predecessor-version":[{"id":35292,"href":"https:\/\/villavauban.lu\/de\/wp-json\/wp\/v2\/pages\/31576\/revisions\/35292"}],"up":[{"embeddable":true,"href":"https:\/\/villavauban.lu\/de\/wp-json\/wp\/v2\/pages\/58"}],"wp:featuredmedia":[{"embeddable":true,"href":"https:\/\/villavauban.lu\/de\/wp-json\/wp\/v2\/media\/31525"}],"wp:attachment":[{"href":"https:\/\/villavauban.lu\/de\/wp-json\/wp\/v2\/media?parent=31576"}],"wp:term":[{"taxonomy":"event-type","embeddable":true,"href":"https:\/\/villavauban.lu\/de\/wp-json\/wp\/v2\/event-type?post=31576"},{"taxonomy":"public-type","embeddable":true,"href":"https:\/\/villavauban.lu\/de\/wp-json\/wp\/v2\/public-type?post=31576"},{"taxonomy":"page-group","embeddable":true,"href":"https:\/\/villavauban.lu\/de\/wp-json\/wp\/v2\/page-group?post=31576"}],"curies":[{"name":"wp","href":"https:\/\/api.w.org\/{rel}","templated":true}]}}