{"id":35370,"date":"2024-04-17T16:38:50","date_gmt":"2024-04-17T14:38:50","guid":{"rendered":"https:\/\/villavauban.lu\/besuchen\/visites-virtuelles\/"},"modified":"2026-01-07T10:13:24","modified_gmt":"2026-01-07T09:13:24","slug":"visites-virtuelles","status":"publish","type":"page","link":"https:\/\/villavauban.lu\/de\/besuchen\/visites-virtuelles\/","title":{"rendered":"Visites virtuelles"},"content":{"rendered":"<p>F\u00fcr alle, die Ausstellungen bequem von zu Hause aus entdecken m\u00f6chten, bieten wir 3D-Besuche unserer aktuellen und vergangenen Ausstellungen an.<br \/>\nViel Spa\u00df bei den Touren!<\/p>\n<p><strong>Dauerausstellung<\/strong><\/p>\n<p><a href=\"https:\/\/my.matterport.com\/show\/?m=WZpBoLMyNS2\">Ein Spaziergang durch die Kunst<\/a><\/p>\n<p><strong>Aktuelle Sonderausstellungen<\/strong><\/p>\n<p><a href=\"https:\/\/my.matterport.com\/show\/?m=1mF9XMvtinL&#038;ss=1&#038;sr=-3.11,-.21\">Bienvenue \u00e0 la Villa (3)<\/a><\/p>\n<p><a href=\"https:\/\/my.matterport.com\/show\/?m=c7nrH4kwNbq&#038;ss=8&#038;sr=3.12,.57\">Les plaisirs de la glace<\/a><\/p>\n<p><strong>Fr\u00fchere Ausstellungen<\/strong><br \/>\nEntdecken Sie mehr \u00fcber alle unsere vergangenen Ausstellungen in unserem Ausstellungsarchiv. Seit 2017 haben wir Links in unsere Pr\u00e4sentationen eingef\u00fcgt, die es digitalen Enthusiasten erm\u00f6glichen, jede Ausstellung in 3D zu besuchen.<\/p>\n<p><a href=\"https:\/\/villavauban.lu\/de\/expositions\/archive\/\">Archives des expositions<\/a><\/p>\n","protected":false},"excerpt":{"rendered":"<p>F\u00fcr alle, die Ausstellungen bequem von zu Hause aus entdecken m\u00f6chten, bieten wir 3D-Besuche unserer aktuellen und vergangenen Ausstellungen an. Viel Spa\u00df bei den Touren! Dauerausstellung Ein Spaziergang durch die Kunst Aktuelle Sonderausstellungen Bienvenue \u00e0 la Villa (3) Les plaisirs de la glace Fr\u00fchere Ausstellungen Entdecken Sie mehr \u00fcber alle unsere vergangenen Ausstellungen in unserem [&hellip;]<\/p>\n","protected":false},"author":3,"featured_media":27772,"parent":58,"menu_order":0,"comment_status":"closed","ping_status":"closed","template":"page-templates\/listing-page.php","meta":{"_acf_changed":false,"footnotes":""},"event-type":[],"public-type":[],"page-group":[],"class_list":["post-35370","page","type-page","status-publish","has-post-thumbnail","hentry"],"acf":[],"aioseo_notices":[],"_links":{"self":[{"href":"https:\/\/villavauban.lu\/de\/wp-json\/wp\/v2\/pages\/35370","targetHints":{"allow":["GET"]}}],"collection":[{"href":"https:\/\/villavauban.lu\/de\/wp-json\/wp\/v2\/pages"}],"about":[{"href":"https:\/\/villavauban.lu\/de\/wp-json\/wp\/v2\/types\/page"}],"author":[{"embeddable":true,"href":"https:\/\/villavauban.lu\/de\/wp-json\/wp\/v2\/users\/3"}],"replies":[{"embeddable":true,"href":"https:\/\/villavauban.lu\/de\/wp-json\/wp\/v2\/comments?post=35370"}],"version-history":[{"count":3,"href":"https:\/\/villavauban.lu\/de\/wp-json\/wp\/v2\/pages\/35370\/revisions"}],"predecessor-version":[{"id":35382,"href":"https:\/\/villavauban.lu\/de\/wp-json\/wp\/v2\/pages\/35370\/revisions\/35382"}],"up":[{"embeddable":true,"href":"https:\/\/villavauban.lu\/de\/wp-json\/wp\/v2\/pages\/58"}],"wp:featuredmedia":[{"embeddable":true,"href":"https:\/\/villavauban.lu\/de\/wp-json\/wp\/v2\/media\/27772"}],"wp:attachment":[{"href":"https:\/\/villavauban.lu\/de\/wp-json\/wp\/v2\/media?parent=35370"}],"wp:term":[{"taxonomy":"event-type","embeddable":true,"href":"https:\/\/villavauban.lu\/de\/wp-json\/wp\/v2\/event-type?post=35370"},{"taxonomy":"public-type","embeddable":true,"href":"https:\/\/villavauban.lu\/de\/wp-json\/wp\/v2\/public-type?post=35370"},{"taxonomy":"page-group","embeddable":true,"href":"https:\/\/villavauban.lu\/de\/wp-json\/wp\/v2\/page-group?post=35370"}],"curies":[{"name":"wp","href":"https:\/\/api.w.org\/{rel}","templated":true}]}}