{"id":3561,"date":"2015-06-03T16:47:02","date_gmt":"2015-06-03T14:47:02","guid":{"rendered":"https:\/\/villavauban.lu\/das-museum\/partenaires\/"},"modified":"2019-07-03T16:07:36","modified_gmt":"2019-07-03T14:07:36","slug":"partenaires","status":"publish","type":"page","link":"https:\/\/villavauban.lu\/de\/das-museum\/partenaires\/","title":{"rendered":"Partnermuseen"},"content":{"rendered":"<p>Mit folgenden Museen und kulturellen Institutionen\u00a0haben wir in den letzten Jahren\u00a0an verschiedenen Ausstellungsprojekten zusammen gearbeitet:<\/p>\n<p><strong>2010<\/strong><\/p>\n<p><em>The Golden Age Reloaded<\/em><br \/>\n&#8211; Rijksmuseum Amsterdam<br \/>\n&#8211; Koninklijk Huisarchief<br \/>\n&#8211; von der Heydt-Museum, Wuppertal <\/p>\n<p><em>\u00c0 pleine voile<\/em><br \/>\n&#8211; Hamburger Kunsthalle<br \/>\n&#8211; Kunsthalle Bremen<br \/>\n&#8211; Kunsthalle Emden<br \/>\n&#8211; Museum f\u00fcr Kunst und Gewerbe, Hamburg<br \/>\n&#8211; National Maritime Museum, London\/Greenwich<br \/>\n&#8211; Ostfriesisches Landesmuseum, Emden<br \/>\n&#8211; Staatliches Museum Schwerin (3 peintures, 17e si\u00e8cle)<\/p>\n<p><strong>2011<\/strong><\/p>\n<p><em>\u00c9motions<\/em><br \/>\n&#8211; Centre national de l\u2019Audiovisuel, Dudelange <\/p>\n<p><em>Mythes de l\u2019atelier<\/em><br \/>\n&#8211; Amsterdams Historisch Museum, Amsterdam<br \/>\n&#8211; Bibliotheek van de Universiteit van Amsterdam<br \/>\n&#8211; Boijmans Van Beuningen, Rotterdam<br \/>\n&#8211; Centraal Museum, Utrecht<br \/>\n&#8211; Dordrechts Museum, Dordrecht<br \/>\n&#8211; Fondation B. C. Koekkoek-Haus, Kleve<br \/>\n&#8211; Frans Hals Museum, Haarlem<br \/>\n&#8211; Fries Museum, Leeuwarden<br \/>\n&#8211; Gemeentemuseum, La Haye<br \/>\n&#8211; Koninklijk Museum voor schone Kunsten, Antwerpen<br \/>\n&#8211; Koninklijk Oudheidkundig Genootschap, Amsterdam<br \/>\n&#8211; Museum Het Valkhof, Nijmegen<br \/>\n&#8211; Noordbrabants Museum, \u2018s-Hertogenbosch<br \/>\n&#8211; Rijksbureau voor kunsthistorische Documentatie (RKD), La Haye<br \/>\n&#8211; Rijksdienst voor het Cultureel Erfgoed, Witsen Fondation<br \/>\n&#8211; Rijksmuseum, Amsterdam<br \/>\n&#8211; Stadsarchief Amsterdam<br \/>\n&#8211; Stedelijk Museum, Amsterdam<br \/>\n&#8211; Stedelijk Museum De Lakenhal, Leiden<br \/>\n&#8211; Teylers Museum Haarlem<br \/>\n&#8211; Universiteitsbibliotheek Leiden <\/p>\n<p><em>L\u2019art \u00e0 tout prix<\/em><br \/>\n&#8211; Biblioth\u00e8que nationale du Luxembourg<br \/>\n&#8211; Dordrechts Museum, Dordrecht<br \/>\n&#8211; Koninklijk Museum voor Schone Kunsten, Anvers<br \/>\n&#8211; Mus\u00e9e Carnavalet \u2013 Histoire de Paris<br \/>\n&#8211; Mus\u00e9e d\u2019Art Roger-Quilliot, Clermont-Ferrand<br \/>\n&#8211; Mus\u00e9e de la Vie romantique, Paris<br \/>\n&#8211; Mus\u00e9e des Beaux-Arts, Angers<br \/>\n&#8211; Mus\u00e9e des Beaux-Arts, Nantes<br \/>\n&#8211; Mus\u00e9e d\u2019Orsay, Paris<br \/>\n&#8211; Mus\u00e9e du Louvre, Paris<br \/>\n&#8211; Mus\u00e9es et Domaine nationaux de Compi\u00e8gne<br \/>\n&#8211; Mus\u00e9e du monast\u00e8re royal de Brou, Bourg-en-Bresse<br \/>\n&#8211; Mus\u00e9e Fabre, Montpellier Agglom\u00e9ration<br \/>\n&#8211; Mus\u00e9e Granet, Aix-en-Provence<br \/>\n&#8211; Mus\u00e9e national des Ch\u00e2teaux de Versailles et de Trianon, Versailles<br \/>\n&#8211; Mus\u00e9e national d\u2019histoire et d\u2019art, Luxembourg<br \/>\n&#8211; Petit Palais, Mus\u00e9e des Beaux-Arts de la Ville de Paris <\/p>\n<p><strong>2012<\/strong><\/p>\n<p><em>\u00c9motions<\/em><br \/>\n&#8211; Centre national de l\u2019Audiovisuel, Dudelange <\/p>\n<p><em>Brukenthal<\/em><br \/>\n&#8211; Muzeul national Brukenthal, Sibiu<br \/>\n&#8211; Stadtmuseum Simeonstift Trier <\/p>\n<p><strong>2013<\/strong><\/p>\n<p><em>L\u2019obscurit\u00e9 dans la gravure<\/em><br \/>\n&#8211; Graphische Sammlung des Fachs Kunstgeschichte der Universit\u00e4t Trier (59 gravures)<\/p>\n<p><em>Le peintre Petrus van Schendel<\/em><br \/>\n&#8211; Bayerische Staatsgem\u00e4ldesammlungen, M\u00fcnchen<br \/>\n&#8211; Breda&#8217;s Museum, Breda (9 tableaux, objets historiques)<br \/>\n&#8211; Deutsches Historisches Museum, Berlin<br \/>\n&#8211; Gemeente Roosendaal (tableau)<br \/>\n&#8211; Koninklijke Bibliotheek, Den Haag<br \/>\n&#8211; Maritiem Museum Rotterdam, Rotterdam<br \/>\n&#8211; Mus\u00e9e de Picardie, Amiens<br \/>\n&#8211; Mus\u00e9es des Beaux-Arts de Verviers, Verviers<br \/>\n&#8211; Museum der bildenden K\u00fcnste, Leipzig<br \/>\n&#8211; Stichting Twickel, Delden<br \/>\n&#8211; The Royal Collection, London<\/p>\n<p><em>Les Animaux dans l\u2019art<\/em><br \/>\n&#8211; Bisch\u00f6fliches Dom- und Di\u00f6zesanmuseum, Mainz<br \/>\n&#8211; Ch\u00e2teau-Mus\u00e9e de Saumur<br \/>\n&#8211; Dordrechts Museum, Dordrecht<br \/>\n&#8211; Graphische Sammlung des Fachs Kunstgeschichte der Universit\u00e4t Trier<br \/>\n&#8211; Stadtmuseum Simeonstift Trier<br \/>\n&#8211; Cit\u00e9 de la C\u00e9ramique \u2013 S\u00e8vres et Limoges, S\u00e8vres<br \/>\n&#8211; Koninklijk Museum voor Schone Kunsten, Antwerpen<br \/>\n&#8211; Mus\u00e9e des Beaux-Arts de Pau<br \/>\n&#8211; Mus\u00e9e des beaux-arts de Rennes, Rennes<br \/>\n&#8211; Mus\u00e9e des Beaux-Arts de Rouen, Rouen<br \/>\n&#8211; Mus\u00e9e du Louvre, Paris<br \/>\n&#8211; Mus\u00e9es de Chamb\u00e9ry, Chamb\u00e9ry<br \/>\n&#8211; Mus\u00e9es de la Ville de Strasbourg<br \/>\n&#8211; Stiftung Saarl\u00e4ndischer Kulturbesitz, Saarbr\u00fccken<\/p>\n<p><strong>2014<\/strong><\/p>\n<p><em>Le peintre Frantz Seimetz<\/em><br \/>\n&#8211; Ville de Grevenmacher <\/p>\n<p><em>Une Passion royale pour l\u2019art<\/em><br \/>\n&#8211; Dordrechts Museum, Dordrecht<br \/>\n&#8211; Rijksmuseum Amsterdam<br \/>\n&#8211; Koninklijk Museum voor Schone Kunsten, Anvers<br \/>\n&#8211; Museum Boijmans Van Beuningen, Rotterdam<br \/>\n&#8211; Huis Van Gijn, Dordrecht<br \/>\n&#8211; Geschiedkundige Vereniging Oranje-Nassau, Den Haag<br \/>\n&#8211; Koninklijk Huisarchief, La Haye<br \/>\n&#8211; Gemeente Museum Den Haag<br \/>\n&#8211; Mus\u00e9es royaux des Beaux-Arts de Belgique, Bruxelles<br \/>\n&#8211; Palace Amalienborg, Copenhague<br \/>\n&#8211; The National Gallery, London<br \/>\n&#8211; National Gallery of Ireland, Dublin<br \/>\n&#8211; Klassik Stiftung Weimar, Weimar<br \/>\n&#8211; Stadsmuseum Tilburg<br \/>\n&#8211; Mus\u00e9e national de l\u2019Ermitage, Saint-P\u00e9tersbourg<br \/>\n&#8211; National Gallery of Canada, Ottawa Ontario<br \/>\n&#8211; Amsterdams Historisch Museum, Amsterdam<br \/>\n&#8211; Paleis Het Loo Nationaal Museum, Apeldoorn<br \/>\n&#8211; Mus\u00e9es d&#8217;art et d&#8217;histoire de la Ville de Gen\u00e8ve<br \/>\n&#8211; Mus\u00e9e de Brou, Bourg-en-Bresse<br \/>\n&#8211; Maritiem Museum Rotterdam, Rotterdam<br \/>\n&#8211; Instituut Collectie Nederland, Rijswijk<br \/>\n&#8211; Fondation Brentano d\u2019aide \u00e0 la vieillesse, Amsterdam<br \/>\n&#8211; Scheepvartsmuseum, Amsterdam<br \/>\n&#8211; Russian Orthodox Church, La Haye<br \/>\n&#8211; Marine Museum, Den Helder<br \/>\n&#8211; Stichting Twickel, Delden<br \/>\n&#8211; Netherlands Institute for Art History (RKD), La Haye<br \/>\n&#8211; The Detroit Institute of Arts, Detroit <\/p>\n<p><strong>2015<\/strong><\/p>\n<p><em>August Sander \/ Michael Somoroff<\/em><br \/>\n&#8211; Admira Photography, Milano <\/p>\n<p><em>Jean-Jacques de Boissieu<\/em><br \/>\n&#8211; Sammlung des Fachs Kunstgeschichte der Universit\u00e4t Trier <\/p>\n<p><strong>2016<\/strong><\/p>\n<p><em>Les cinq sens <\/em><br \/>\n&#8211; Anhaltische Gem\u00e4ldegalerie Dessau<br \/>\n&#8211; Centraal Museum, Utrecht<br \/>\n&#8211; Huis van Gijn, Dordrecht<br \/>\n&#8211; Kunstsammlungen der Veste Coburg<br \/>\n&#8211; LVR Landesmuseum Bonn<br \/>\n&#8211; Mus\u00e9e de Picardie<br \/>\n&#8211; Mus\u00e9e d\u00e9partemental de Flandre, Cassel<br \/>\n&#8211; Mus\u00e9e des Beaux-Arts de Strasbourg<br \/>\n&#8211; Mus\u00e9e des Beaux-Arts de Tours<br \/>\n&#8211; Mus\u00e9e de l\u2019oeuvre Notre-Dame, Strasbourg<br \/>\n&#8211; Museo Thyssen-Bornemisza, Madrid<br \/>\n&#8211; Palais des Beaux-Arts, Lille<br \/>\n&#8211; Mus\u00e9e Calvet, Avignon<br \/>\n&#8211; Mus\u00e9e des Augustins, Toulouse<br \/>\n&#8211; Rijksmuseum Twente, Enschede<br \/>\n&#8211; Staatliche Kunsthalle, Karlsruhe<br \/>\n&#8211; Staatliche Kunstsammlungen Dresden \u2013 Gem\u00e4ldegalerie Alte Meister<br \/>\n&#8211; Staatliches Museum Schwerin<br \/>\n&#8211; Suermondt-Ludwig-Museum, Aachen <\/p>\n<p><strong>2017<\/strong><\/p>\n<p><em>L\u2019h\u00e9ritage de J\u00e9r\u00f4me Bosch <\/em><br \/>\n&#8211; Centraal Museum, Utrecht<br \/>\n&#8211; Museo nacional de Arte antiga, Lisboa<br \/>\n&#8211; Rijksmuseum Amsterdam<br \/>\n&#8211; Staatliche Kunstsammlungen Dresden, Kupferstichkabinett<br \/>\n&#8211; Staatliche Kunstsammlungen Dresden, Gem\u00e4ldegalerie Alte Meister<br \/>\n&#8211; Staatliche Kunstsammlungen Dresden, Gr\u00fcnes Gew\u00f6lbe<br \/>\n&#8211; Staatliche Museen zu Berlin, Kunstbibliothek<br \/>\n&#8211; Stadtmuseum Simeonstift, Trier <\/p>\n<p><em>Edward Steichen <\/em><br \/>\n&#8211; Phototh\u00e8que de la Ville de Luxembourg <\/p>\n","protected":false},"excerpt":{"rendered":"<p>Mit folgenden Museen und kulturellen Institutionen\u00a0haben wir in den letzten Jahren\u00a0an verschiedenen Ausstellungsprojekten zusammen gearbeitet: 2010 The Golden Age Reloaded &#8211; Rijksmuseum Amsterdam &#8211; Koninklijk Huisarchief &#8211; von der Heydt-Museum, Wuppertal \u00c0 pleine voile &#8211; Hamburger Kunsthalle &#8211; Kunsthalle Bremen &#8211; Kunsthalle Emden &#8211; Museum f\u00fcr Kunst und Gewerbe, Hamburg &#8211; National Maritime Museum, London\/Greenwich [&hellip;]<\/p>\n","protected":false},"author":3,"featured_media":3559,"parent":304,"menu_order":0,"comment_status":"closed","ping_status":"open","template":"page-templates\/generic-page.php","meta":{"_acf_changed":false,"footnotes":""},"event-type":[],"public-type":[],"page-group":[177,184],"class_list":["post-3561","page","type-page","status-publish","has-post-thumbnail","hentry","page-group-museum","page-group-musee-de"],"acf":[],"aioseo_notices":[],"_links":{"self":[{"href":"https:\/\/villavauban.lu\/de\/wp-json\/wp\/v2\/pages\/3561","targetHints":{"allow":["GET"]}}],"collection":[{"href":"https:\/\/villavauban.lu\/de\/wp-json\/wp\/v2\/pages"}],"about":[{"href":"https:\/\/villavauban.lu\/de\/wp-json\/wp\/v2\/types\/page"}],"author":[{"embeddable":true,"href":"https:\/\/villavauban.lu\/de\/wp-json\/wp\/v2\/users\/3"}],"replies":[{"embeddable":true,"href":"https:\/\/villavauban.lu\/de\/wp-json\/wp\/v2\/comments?post=3561"}],"version-history":[{"count":8,"href":"https:\/\/villavauban.lu\/de\/wp-json\/wp\/v2\/pages\/3561\/revisions"}],"predecessor-version":[{"id":11229,"href":"https:\/\/villavauban.lu\/de\/wp-json\/wp\/v2\/pages\/3561\/revisions\/11229"}],"up":[{"embeddable":true,"href":"https:\/\/villavauban.lu\/de\/wp-json\/wp\/v2\/pages\/304"}],"wp:featuredmedia":[{"embeddable":true,"href":"https:\/\/villavauban.lu\/de\/wp-json\/wp\/v2\/media\/3559"}],"wp:attachment":[{"href":"https:\/\/villavauban.lu\/de\/wp-json\/wp\/v2\/media?parent=3561"}],"wp:term":[{"taxonomy":"event-type","embeddable":true,"href":"https:\/\/villavauban.lu\/de\/wp-json\/wp\/v2\/event-type?post=3561"},{"taxonomy":"public-type","embeddable":true,"href":"https:\/\/villavauban.lu\/de\/wp-json\/wp\/v2\/public-type?post=3561"},{"taxonomy":"page-group","embeddable":true,"href":"https:\/\/villavauban.lu\/de\/wp-json\/wp\/v2\/page-group?post=3561"}],"curies":[{"name":"wp","href":"https:\/\/api.w.org\/{rel}","templated":true}]}}