{"id":3952,"date":"2015-06-11T11:08:53","date_gmt":"2015-06-11T09:08:53","guid":{"rendered":"https:\/\/villavauban.lu\/das-museum\/mission-statement-2\/"},"modified":"2015-08-06T08:43:06","modified_gmt":"2015-08-06T06:43:06","slug":"mission-statement-2","status":"publish","type":"page","link":"https:\/\/villavauban.lu\/de\/das-museum\/mission-statement-2\/","title":{"rendered":"Leitbild"},"content":{"rendered":"<div>\n<p>Die Villa Vauban ist ein Kunstmuseum, das Sammlungen alter und zeitgen\u00f6ssischer Kunstwerke (Malerei, Grafik, Skulptur, Fotografie, 17. bis 21. Jahrhundert) vereint.<\/p>\n<p>Das Museum sieht sich folgenden Aufgaben verpflichtet:<\/p>\n<ul>\n<li>Erhalt, Restaurierung, Inventarisierung und Erforschung europ\u00e4ischer Kunstwerke des 17. bis 21.\u00a0Jahrhunderts, die Teil der Sammlung aus Gem\u00e4lden, Skulpturen, Grafiken, Fotografien und kunstgewerblichen Objekten sind, sowie Ver\u00f6ffentlichung der Forschungsergebnisse.<\/li>\n<li>Organisation von Ausstellungen mit Werken aus eigenen Sammlungen und mit Werken aus verschiedensten Best\u00e4nden. Diese k\u00f6nnen ganz allgemein Objekte der Bildenden Kunst sein oder aber typische Beispiele f\u00fcr die Arbeit luxemburgischer K\u00fcnstler bzw. solcher K\u00fcnstler, die einen Gro\u00dfteil ihres k\u00fcnstlerischen Weges in Luxemburg beschritten haben. Damit soll Kunst unterschiedlichster Genres, Themen und Epochen dem Publikum zug\u00e4nglich und durch Gegen\u00fcberstellung der Werke pr\u00e4sentiert werden.<\/li>\n<li>F\u00f6rderung des Interesses und des Wissens eines vielschichtigen Publikums durch Ausstellungen alter, moderner oder zeitgen\u00f6ssischer Kunst aus Luxemburg oder aus anderen Teilen der Welt, durch Kataloge und wissenschaftliche Werke sowie durch museumsp\u00e4dagogische und kulturelle Aktivit\u00e4ten, die im Rahmen der Ausstellungen angeboten werden.<\/li>\n<li>Bereicherung der Sammlung durch Zuk\u00e4ufe, Schenkungen oder Leihgaben; Unterst\u00fctzung von in Luxemburg lebenden K\u00fcnstlern durch den Erwerb zeitgen\u00f6ssischer Werke und durch Auftragsarbeiten.<\/li>\n<li>F\u00f6rderung und Belebung des kulturellen Lebens der Stadt Luxemburg im Bereich der Bildenden K\u00fcnste.<\/li>\n<\/ul>\n<\/div>\n","protected":false},"excerpt":{"rendered":"<p>Die Villa Vauban ist ein Kunstmuseum, das Sammlungen alter und zeitgen\u00f6ssischer Kunstwerke (Malerei, Grafik, Skulptur, Fotografie, 17. bis 21. Jahrhundert) vereint. Das Museum sieht sich folgenden Aufgaben verpflichtet: Erhalt, Restaurierung, Inventarisierung und Erforschung europ\u00e4ischer Kunstwerke des 17. bis 21.\u00a0Jahrhunderts, die Teil der Sammlung aus Gem\u00e4lden, Skulpturen, Grafiken, Fotografien und kunstgewerblichen Objekten sind, sowie Ver\u00f6ffentlichung der [&hellip;]<\/p>\n","protected":false},"author":3,"featured_media":3544,"parent":304,"menu_order":0,"comment_status":"closed","ping_status":"open","template":"page-templates\/generic-page.php","meta":{"_acf_changed":false,"footnotes":""},"event-type":[],"public-type":[],"page-group":[177],"class_list":["post-3952","page","type-page","status-publish","has-post-thumbnail","hentry","page-group-museum"],"acf":[],"aioseo_notices":[],"_links":{"self":[{"href":"https:\/\/villavauban.lu\/de\/wp-json\/wp\/v2\/pages\/3952","targetHints":{"allow":["GET"]}}],"collection":[{"href":"https:\/\/villavauban.lu\/de\/wp-json\/wp\/v2\/pages"}],"about":[{"href":"https:\/\/villavauban.lu\/de\/wp-json\/wp\/v2\/types\/page"}],"author":[{"embeddable":true,"href":"https:\/\/villavauban.lu\/de\/wp-json\/wp\/v2\/users\/3"}],"replies":[{"embeddable":true,"href":"https:\/\/villavauban.lu\/de\/wp-json\/wp\/v2\/comments?post=3952"}],"version-history":[{"count":7,"href":"https:\/\/villavauban.lu\/de\/wp-json\/wp\/v2\/pages\/3952\/revisions"}],"predecessor-version":[{"id":4555,"href":"https:\/\/villavauban.lu\/de\/wp-json\/wp\/v2\/pages\/3952\/revisions\/4555"}],"up":[{"embeddable":true,"href":"https:\/\/villavauban.lu\/de\/wp-json\/wp\/v2\/pages\/304"}],"wp:featuredmedia":[{"embeddable":true,"href":"https:\/\/villavauban.lu\/de\/wp-json\/wp\/v2\/media\/3544"}],"wp:attachment":[{"href":"https:\/\/villavauban.lu\/de\/wp-json\/wp\/v2\/media?parent=3952"}],"wp:term":[{"taxonomy":"event-type","embeddable":true,"href":"https:\/\/villavauban.lu\/de\/wp-json\/wp\/v2\/event-type?post=3952"},{"taxonomy":"public-type","embeddable":true,"href":"https:\/\/villavauban.lu\/de\/wp-json\/wp\/v2\/public-type?post=3952"},{"taxonomy":"page-group","embeddable":true,"href":"https:\/\/villavauban.lu\/de\/wp-json\/wp\/v2\/page-group?post=3952"}],"curies":[{"name":"wp","href":"https:\/\/api.w.org\/{rel}","templated":true}]}}