{"id":4109,"date":"2015-06-11T13:32:34","date_gmt":"2015-06-11T11:32:34","guid":{"rendered":"https:\/\/villavauban.lu\/a-propos-edouard-2\/"},"modified":"2015-08-06T15:03:12","modified_gmt":"2015-08-06T13:03:12","slug":"a-propos-edouard","status":"publish","type":"page","link":"https:\/\/villavauban.lu\/de\/a-propos-edouard\/","title":{"rendered":"Please meet &#8230;.\u00c9douard!"},"content":{"rendered":"<p align=\"LEFT\">Ich m\u00f6chte\u00a0Sie\u00a0im Veranstaltungskalender auf\u00a0unserer Webseite und in unserem kulturellen Programmheft (Print)\u00a0auf Aktivit\u00e4ten aufmerksam machen, die speziell f\u00fcr Schulen und Kinder ausgearbeitet wurden.<\/p>\n<p align=\"LEFT\"><a href=\"https:\/\/villavauban.lu\/de\/besuchen\/agenda-3\/?publicType[]=schulen\">Workshops und Aktivit\u00e4ten f\u00fcr Schulen<\/a><br \/>\n<a href=\"https:\/\/villavauban.lu\/de\/besuchen\/agenda-3\/?publicType[]=kinder\">Workshops und Aktivit\u00e4ten f\u00fcr Kinder<\/a><\/p>\n<p>Bei weiteren Fragen, rufen Sie och einfach an : T+352 4796 4584.<\/p>\n<p>Weitere Informationen zu \u00c9douard finden Sie hier auf Luxemburgisch und auf Franz\u00f6sisch.<\/p>\n<p><strong><em>L<\/em><\/strong><\/p>\n<p><strong><em>Wat een iwwert\u00a0de\u00a0\u00c9douard<\/em><\/strong><strong><em> w\u00ebsse soll\u00a0<\/em><\/strong><\/p>\n<p align=\"LEFT\"><em><strong>Numm:<\/strong> \u00c9douard du Jardin<\/em><br \/>\n<em><strong>Adresse:<\/strong> Villa Vauban \u2013 Mus\u00e9e d\u2019Art de la Ville de Luxembourg, 18, avenue \u00c9mile Reuter<\/em><br \/>\n<em><strong>Liiblingsiessen:<\/strong> Schnittercher<\/em><br \/>\n<em><strong>Liiblingsausdrock:<\/strong> Oh w\u00e9i sch\u00e9in! ohlala!<\/em><br \/>\n<em><strong>Liiblingsquartier an der Stad:<\/strong> D\u2019\u00cbmg\u00e9igend vun der Villa bis op de Belair an op de Lampertsbierg<\/em><br \/>\n<em><strong>Liiblingsgenre vu Biller:<\/strong> Landschaftsmolerei (Haaptsaach: sch\u00e9in, h\u00e9ich Beem)<\/em><br \/>\n<em><strong>Liiblingsraum am Mus\u00e9e:<\/strong> Loggia mat Vue op de frans\u00e9ische Gaart<\/em><br \/>\n<em><strong>Hobbyen:<\/strong> Faarf op d\u2019Toile opdroen, op Vernissagen goen, d\u2019Liewen an der Villa vun uewe suiv\u00e9ieren, duerch d\u2019Beem schwiewen, mat den Inten aus dem M\u00e4relerpark een T\u00e9i dr\u00e9nke goen<\/em><br \/>\n<em><strong>Beschte Fr\u00ebnd:<\/strong> Mil aus dem Geschichtsmus\u00e9e<\/em><\/p>\n<p align=\"LEFT\"><em>Bis geschw\u00ebnn,<\/em><br \/>\n<em> \u00c4ren \u00c9douard<\/em><\/p>\n<p align=\"LEFT\"><strong>F<\/strong><\/p>\n<p align=\"LEFT\"><strong>Ce qu&#8217;il faut savoir sur \u00c9douard<\/strong><\/p>\n<p align=\"LEFT\"><strong>Nom :<\/strong> \u00c9douard du Jardin<br \/>\n<strong>Adresse :<\/strong> Villa Vauban \u2013 Mus\u00e9e d\u2019Art de la Ville de Luxembourg 18, avenue \u00c9mile Reuter<br \/>\n<strong>Plat pr\u00e9f\u00e9r\u00e9<\/strong> : Amuse bouches<br \/>\n<strong>Expression pr\u00e9f\u00e9r\u00e9e<\/strong> : Magnifique ! ohlala !<br \/>\n<strong>Endroit pr\u00e9f\u00e9r\u00e9 en ville<\/strong> : Les alentours de la Villa jusqu\u2019au Belair et au Limpertsberg<br \/>\n<strong>Genre pr\u00e9f\u00e9r\u00e9 de tableaux<\/strong> : Peinture de paysages (surtout des repr\u00e9sentations d\u2019arbres hauts et beaux)<br \/>\n<strong>Endroit pr\u00e9f\u00e9r\u00e9 au Mus\u00e9e<\/strong> : Loggia avec vue sur le jardin fran\u00e7ais<br \/>\n<strong>Hobbies<\/strong> : Peindre sur toile, assister aux vernissages, suivre la vie \u00e0 la Villa d\u2019en haut, planer \u00e0 travers les arbres, prendre un th\u00e9 avec les canards du parc \u00e0 Merl<br \/>\nMeilleur ami : Mil du Mus\u00e9e d\u2019Histoire<\/p>\n<p align=\"LEFT\">A+<\/p>\n<p>Votre \u00c9douard<\/p>\n<p><img loading=\"lazy\" decoding=\"async\" class=\"alignnone size-medium wp-image-4127\" src=\"https:\/\/villavauban.lu\/wp-content\/uploads\/2015\/06\/Ed-Mil-300x187.png\" alt=\"Ed &amp; Mil\" width=\"300\" height=\"187\" srcset=\"https:\/\/villavauban.lu\/wp-content\/uploads\/2015\/06\/Ed-Mil-300x187.png 300w, https:\/\/villavauban.lu\/wp-content\/uploads\/2015\/06\/Ed-Mil-1024x640.png 1024w, https:\/\/villavauban.lu\/wp-content\/uploads\/2015\/06\/Ed-Mil-96x60.png 96w, https:\/\/villavauban.lu\/wp-content\/uploads\/2015\/06\/Ed-Mil-675x422.png 675w, https:\/\/villavauban.lu\/wp-content\/uploads\/2015\/06\/Ed-Mil-1600x1000.png 1600w, https:\/\/villavauban.lu\/wp-content\/uploads\/2015\/06\/Ed-Mil-922x576.png 922w\" sizes=\"auto, (max-width: 300px) 100vw, 300px\" \/><\/p>\n<p>&nbsp;<\/p>\n<p><a href=\"http:\/\/mhvl.lu\/a-propos-mil\/\">Plus d&#8217;infos sur Mil du Mus\u00e9e d&#8217;Histoire<\/a><\/p>\n<p>&nbsp;<\/p>\n<p>&nbsp;<\/p>\n","protected":false},"excerpt":{"rendered":"<p>Ich m\u00f6chte\u00a0Sie\u00a0im Veranstaltungskalender auf\u00a0unserer Webseite und in unserem kulturellen Programmheft (Print)\u00a0auf Aktivit\u00e4ten aufmerksam machen, die speziell f\u00fcr Schulen und Kinder ausgearbeitet wurden. Workshops und Aktivit\u00e4ten f\u00fcr Schulen Workshops und Aktivit\u00e4ten f\u00fcr Kinder Bei weiteren Fragen, rufen Sie och einfach an : T+352 4796 4584. Weitere Informationen zu \u00c9douard finden Sie hier auf Luxemburgisch und auf [&hellip;]<\/p>\n","protected":false},"author":1,"featured_media":4201,"parent":0,"menu_order":0,"comment_status":"closed","ping_status":"open","template":"page-templates\/generic-page.php","meta":{"_acf_changed":false,"footnotes":""},"event-type":[],"public-type":[],"page-group":[],"class_list":["post-4109","page","type-page","status-publish","has-post-thumbnail","hentry"],"acf":[],"aioseo_notices":[],"_links":{"self":[{"href":"https:\/\/villavauban.lu\/de\/wp-json\/wp\/v2\/pages\/4109","targetHints":{"allow":["GET"]}}],"collection":[{"href":"https:\/\/villavauban.lu\/de\/wp-json\/wp\/v2\/pages"}],"about":[{"href":"https:\/\/villavauban.lu\/de\/wp-json\/wp\/v2\/types\/page"}],"author":[{"embeddable":true,"href":"https:\/\/villavauban.lu\/de\/wp-json\/wp\/v2\/users\/1"}],"replies":[{"embeddable":true,"href":"https:\/\/villavauban.lu\/de\/wp-json\/wp\/v2\/comments?post=4109"}],"version-history":[{"count":11,"href":"https:\/\/villavauban.lu\/de\/wp-json\/wp\/v2\/pages\/4109\/revisions"}],"predecessor-version":[{"id":4572,"href":"https:\/\/villavauban.lu\/de\/wp-json\/wp\/v2\/pages\/4109\/revisions\/4572"}],"wp:featuredmedia":[{"embeddable":true,"href":"https:\/\/villavauban.lu\/de\/wp-json\/wp\/v2\/media\/4201"}],"wp:attachment":[{"href":"https:\/\/villavauban.lu\/de\/wp-json\/wp\/v2\/media?parent=4109"}],"wp:term":[{"taxonomy":"event-type","embeddable":true,"href":"https:\/\/villavauban.lu\/de\/wp-json\/wp\/v2\/event-type?post=4109"},{"taxonomy":"public-type","embeddable":true,"href":"https:\/\/villavauban.lu\/de\/wp-json\/wp\/v2\/public-type?post=4109"},{"taxonomy":"page-group","embeddable":true,"href":"https:\/\/villavauban.lu\/de\/wp-json\/wp\/v2\/page-group?post=4109"}],"curies":[{"name":"wp","href":"https:\/\/api.w.org\/{rel}","templated":true}]}}