{"id":35367,"date":"2024-04-17T16:38:50","date_gmt":"2024-04-17T14:38:50","guid":{"rendered":"https:\/\/villavauban.lu\/visit\/visites-virtuelles\/"},"modified":"2026-01-07T10:15:51","modified_gmt":"2026-01-07T09:15:51","slug":"visites-virtuelles","status":"publish","type":"page","link":"https:\/\/villavauban.lu\/en\/visit\/visites-virtuelles\/","title":{"rendered":"Visites virtuelles"},"content":{"rendered":"<p>For everyone who likes to discover exhibitions from the comfort of your home, we offer 3D visits of our current and past exhibitions. Enjoy the tours!<\/p>\n<p><strong>Permanent exhibition<\/strong><\/p>\n<p><a href=\"https:\/\/my.matterport.com\/show\/?m=WZpBoLMyNS2\">A stroll through art<\/a><\/p>\n<p><strong>Exposition temporaire actuelle<\/strong><\/p>\n<p><a href=\"https:\/\/my.matterport.com\/show\/?m=1mF9XMvtinL&#038;ss=1&#038;sr=-3.11,-.21\">Bienvenue \u00e0 la Villa (3)<\/a><\/p>\n<p><a href=\"https:\/\/my.matterport.com\/show\/?m=c7nrH4kwNbq&#038;ss=8&#038;sr=3.12,.57\">Pleasures on the ice<\/a><\/p>\n<p>Expositions pass\u00e9es<br \/>\nD\u00e9couvrez toutes nos expositions pass\u00e9es dans nos archives d&#8217;expositions. Depuis 2017, nous avons inclus des liens dans nos pr\u00e9sentations pour permettre aux amateurs du num\u00e9rique de parcourir chaque exposition en 3D.<br \/>\n<a href=\"https:\/\/villavauban.lu\/en\/exhibitions\/archives\/\">Archives des expositions<\/a><\/p>\n","protected":false},"excerpt":{"rendered":"<p>For everyone who likes to discover exhibitions from the comfort of your home, we offer 3D visits of our current and past exhibitions. Enjoy the tours! Permanent exhibition A stroll through art Exposition temporaire actuelle Bienvenue \u00e0 la Villa (3) Pleasures on the ice Expositions pass\u00e9es D\u00e9couvrez toutes nos expositions pass\u00e9es dans nos archives d&#8217;expositions. [&hellip;]<\/p>\n","protected":false},"author":3,"featured_media":27769,"parent":56,"menu_order":0,"comment_status":"closed","ping_status":"closed","template":"page-templates\/listing-page.php","meta":{"_acf_changed":false,"footnotes":""},"event-type":[],"public-type":[],"page-group":[],"class_list":["post-35367","page","type-page","status-publish","has-post-thumbnail","hentry"],"acf":[],"aioseo_notices":[],"_links":{"self":[{"href":"https:\/\/villavauban.lu\/en\/wp-json\/wp\/v2\/pages\/35367","targetHints":{"allow":["GET"]}}],"collection":[{"href":"https:\/\/villavauban.lu\/en\/wp-json\/wp\/v2\/pages"}],"about":[{"href":"https:\/\/villavauban.lu\/en\/wp-json\/wp\/v2\/types\/page"}],"author":[{"embeddable":true,"href":"https:\/\/villavauban.lu\/en\/wp-json\/wp\/v2\/users\/3"}],"replies":[{"embeddable":true,"href":"https:\/\/villavauban.lu\/en\/wp-json\/wp\/v2\/comments?post=35367"}],"version-history":[{"count":3,"href":"https:\/\/villavauban.lu\/en\/wp-json\/wp\/v2\/pages\/35367\/revisions"}],"predecessor-version":[{"id":35388,"href":"https:\/\/villavauban.lu\/en\/wp-json\/wp\/v2\/pages\/35367\/revisions\/35388"}],"up":[{"embeddable":true,"href":"https:\/\/villavauban.lu\/en\/wp-json\/wp\/v2\/pages\/56"}],"wp:featuredmedia":[{"embeddable":true,"href":"https:\/\/villavauban.lu\/en\/wp-json\/wp\/v2\/media\/27769"}],"wp:attachment":[{"href":"https:\/\/villavauban.lu\/en\/wp-json\/wp\/v2\/media?parent=35367"}],"wp:term":[{"taxonomy":"event-type","embeddable":true,"href":"https:\/\/villavauban.lu\/en\/wp-json\/wp\/v2\/event-type?post=35367"},{"taxonomy":"public-type","embeddable":true,"href":"https:\/\/villavauban.lu\/en\/wp-json\/wp\/v2\/public-type?post=35367"},{"taxonomy":"page-group","embeddable":true,"href":"https:\/\/villavauban.lu\/en\/wp-json\/wp\/v2\/page-group?post=35367"}],"curies":[{"name":"wp","href":"https:\/\/api.w.org\/{rel}","templated":true}]}}