{"id":3592,"date":"2015-04-13T16:27:49","date_gmt":"2015-04-13T14:27:49","guid":{"rendered":"https:\/\/villavauban.lu\/the-museum\/deviens-amis\/"},"modified":"2015-06-04T11:14:30","modified_gmt":"2015-06-04T09:14:30","slug":"deviens-amis","status":"publish","type":"page","link":"https:\/\/villavauban.lu\/en\/the-museum\/deviens-amis\/","title":{"rendered":"Deviens Amis!"},"content":{"rendered":"<p><strong>L\u2019association des Amis des Mus\u00e9es d\u2019Art et d\u2019Histoire Luxembourg a \u00e9t\u00e9 fond\u00e9e en 1976 par des passionn\u00e9s d\u2019art et d\u2019histoire. L\u2019association compte aujourd\u2019hui plus de 1700 membres qui partagent les m\u00eames int\u00e9r\u00eats culturels.<br \/>\n<\/strong><\/p>\n<p>Les amis des Mus\u00e9es contribuent\u00a0\u00e0 l\u2019enrichissement des collections,\u00a0\u00e0 la sauvegarde du patrimoine culturel,\u00a0\u00e0 la promotion de l\u2019art et de l\u2019histoire,\u00a0\u00a0\u00e0 mieux faire conna\u00eetre les collections mus\u00e9ales nationales et internationales ainsi que les sites culturels \u00e0 l\u2019\u00e9tranger.<\/p>\n","protected":false},"excerpt":{"rendered":"<p>L\u2019association des Amis des Mus\u00e9es d\u2019Art et d\u2019Histoire Luxembourg a \u00e9t\u00e9 fond\u00e9e en 1976 par des passionn\u00e9s d\u2019art et d\u2019histoire. L\u2019association compte aujourd\u2019hui plus de 1700 membres qui partagent les m\u00eames int\u00e9r\u00eats culturels. Les amis des Mus\u00e9es contribuent\u00a0\u00e0 l\u2019enrichissement des collections,\u00a0\u00e0 la sauvegarde du patrimoine culturel,\u00a0\u00e0 la promotion de l\u2019art et de l\u2019histoire,\u00a0\u00a0\u00e0 mieux faire [&hellip;]<\/p>\n","protected":false},"author":3,"featured_media":2848,"parent":302,"menu_order":5,"comment_status":"open","ping_status":"open","template":"page-templates\/generic-page.php","meta":{"_acf_changed":false,"footnotes":""},"event-type":[],"public-type":[],"page-group":[],"class_list":["post-3592","page","type-page","status-publish","has-post-thumbnail","hentry"],"acf":[],"aioseo_notices":[],"_links":{"self":[{"href":"https:\/\/villavauban.lu\/en\/wp-json\/wp\/v2\/pages\/3592","targetHints":{"allow":["GET"]}}],"collection":[{"href":"https:\/\/villavauban.lu\/en\/wp-json\/wp\/v2\/pages"}],"about":[{"href":"https:\/\/villavauban.lu\/en\/wp-json\/wp\/v2\/types\/page"}],"author":[{"embeddable":true,"href":"https:\/\/villavauban.lu\/en\/wp-json\/wp\/v2\/users\/3"}],"replies":[{"embeddable":true,"href":"https:\/\/villavauban.lu\/en\/wp-json\/wp\/v2\/comments?post=3592"}],"version-history":[{"count":3,"href":"https:\/\/villavauban.lu\/en\/wp-json\/wp\/v2\/pages\/3592\/revisions"}],"predecessor-version":[{"id":3603,"href":"https:\/\/villavauban.lu\/en\/wp-json\/wp\/v2\/pages\/3592\/revisions\/3603"}],"up":[{"embeddable":true,"href":"https:\/\/villavauban.lu\/en\/wp-json\/wp\/v2\/pages\/302"}],"wp:featuredmedia":[{"embeddable":true,"href":"https:\/\/villavauban.lu\/en\/wp-json\/wp\/v2\/media\/2848"}],"wp:attachment":[{"href":"https:\/\/villavauban.lu\/en\/wp-json\/wp\/v2\/media?parent=3592"}],"wp:term":[{"taxonomy":"event-type","embeddable":true,"href":"https:\/\/villavauban.lu\/en\/wp-json\/wp\/v2\/event-type?post=3592"},{"taxonomy":"public-type","embeddable":true,"href":"https:\/\/villavauban.lu\/en\/wp-json\/wp\/v2\/public-type?post=3592"},{"taxonomy":"page-group","embeddable":true,"href":"https:\/\/villavauban.lu\/en\/wp-json\/wp\/v2\/page-group?post=3592"}],"curies":[{"name":"wp","href":"https:\/\/api.w.org\/{rel}","templated":true}]}}